{"id":1612,"date":"2019-06-10T20:38:19","date_gmt":"2019-06-11T00:38:19","guid":{"rendered":"http:\/\/www.creativebonfire.com\/ife\/productos\/especiales\/abrazaderas-de-placa-de-pulgar\/"},"modified":"2020-09-13T15:51:02","modified_gmt":"2020-09-13T19:51:02","slug":"abrazaderas-de-placa-de-pulgar","status":"publish","type":"page","link":"https:\/\/creativebonfire.com\/ife\/productos\/especiales\/abrazaderas-de-placa-de-pulgar\/?lang=es","title":{"rendered":"Abrazaderas de placa de pulgar"},"content":{"rendered":"<p>[et_pb_section fb_built=&#8221;1&#8243; fullwidth=&#8221;on&#8221; disabled_on=&#8221;on|on|&#8221; admin_label=&#8221;Mega Menu &#8211; Specials&#8221; module_class=&#8221;specials-on&#8221; _builder_version=&#8221;3.22&#8243; background_color=&#8221;#ffd24f&#8221; border_width_top=&#8221;2px&#8221; border_color_top=&#8221;#ffffff&#8221; border_width_bottom=&#8221;2px&#8221; border_color_bottom=&#8221;#ffffff&#8221; collapsed=&#8221;off&#8221;][et_pb_quadmenu menu_id=&#8221;7&#8243; menu_theme=&#8221;custom_theme_1&#8243; _builder_version=&#8221;3.17.6&#8243;][\/et_pb_quadmenu][\/et_pb_section][et_pb_section fb_built=&#8221;1&#8243; admin_label=&#8221;H1&#8243; _builder_version=&#8221;3.22&#8243; background_color=&#8221;#000000&#8243; custom_padding=&#8221;0px||0px|&#8221;][et_pb_row _builder_version=&#8221;3.25&#8243; custom_padding=&#8221;||1.2%|&#8221;][et_pb_column type=&#8221;4_4&#8243; _builder_version=&#8221;3.25&#8243; custom_padding=&#8221;|||&#8221; custom_padding__hover=&#8221;|||&#8221;][et_pb_text admin_label=&#8221;Product Name&#8221; module_id=&#8221;product-head&#8221; _builder_version=&#8221;3.27.4&#8243; header_text_color=&#8221;#ffd24f&#8221; header_font_size=&#8221;72px&#8221;]<\/p>\n<h1>IFE-TPC<\/h1>\n<h2>Abrazaderas de placa de pulgar<\/h2>\n<p>[\/et_pb_text][\/et_pb_column][\/et_pb_row][\/et_pb_section][et_pb_section fb_built=&#8221;1&#8243; _builder_version=&#8221;3.22&#8243; background_color=&#8221;rgba(255,255,255,0)&#8221;][et_pb_row column_structure=&#8221;1_2,1_2&#8243; _builder_version=&#8221;3.25&#8243; background_size=&#8221;initial&#8221; background_position=&#8221;top_left&#8221; background_repeat=&#8221;repeat&#8221; custom_padding=&#8221;||0px&#8221;][et_pb_column type=&#8221;1_2&#8243; _builder_version=&#8221;3.25&#8243; custom_padding=&#8221;|||&#8221; custom_padding__hover=&#8221;|||&#8221;][et_pb_text _builder_version=&#8221;3.27.4&#8243; locked=&#8221;off&#8221;]El IFE-TPC es para aplicaciones en las que los usuarios necesitan asistir una manguera sujeta sin acceso a herramientas para atornillar o instalar. Las placas de pulgar para las abrazaderas IFE-TPC est\u00e1n hechas con nailon relleno de vidrio, por lo que se pueden instalar con herramientas de montaje de producci\u00f3n (\u00a1dentro de los l\u00edmites de torque y velocidad!) El dise\u00f1o de la placa para el pulgar es sim\u00e9trico, por lo que es f\u00e1cil usar una herramienta especial para instalar la abrazadera.<\/p>\n<p>IFE-TPC no son productos est\u00e1ndar o art\u00edculos en inventario. Actualmente producimos una serie de variaciones de la IFE-TPC, pero trabajamos con el cliente para dise\u00f1ar una abrazadera de placa de pulgar que cumpla con los requisitos de la aplicaci\u00f3n del cliente. Las abrazaderas se fabrican bajo pedido, por lo que se requiere de un tiempo de entrega m\u00ednimo.[\/et_pb_text][et_pb_button button_url=&#8221;https:\/\/creativebonfire.com\/ife\/wp-content\/uploads\/2020\/09\/IFE-TPC-Clamp-Product-Data-Sheet09-2020.pdf&#8221; url_new_window=&#8221;on&#8221; button_text=&#8221;Descargar hoja de especificaciones (PDF)&#8221; disabled_on=&#8221;off|off|off&#8221; admin_label=&#8221;Download Product Sheet Button&#8221; _builder_version=&#8221;4.3.2&#8243; custom_button=&#8221;on&#8221; button_text_size=&#8221;16&#8243; button_text_color=&#8221;#000000&#8243; button_bg_color=&#8221;#cccccc&#8221; button_border_width=&#8221;0&#8243; button_font=&#8221;|700|||||||&#8221; button_icon=&#8221;%%233%%&#8221; hover_enabled=&#8221;0&#8243;][\/et_pb_button][\/et_pb_column][et_pb_column type=&#8221;1_2&#8243; _builder_version=&#8221;3.25&#8243; custom_padding=&#8221;|||&#8221; custom_padding__hover=&#8221;|||&#8221;][et_pb_image src=&#8221;https:\/\/creativebonfire.com\/ife\/wp-content\/uploads\/2019\/01\/product-tpc.jpg&#8221; alt=&#8221;Abrazaderas de placa de pulgar&#8221; show_bottom_space=&#8221;off&#8221; align_tablet=&#8221;center&#8221; align_phone=&#8221;&#8221; align_last_edited=&#8221;on|desktop&#8221; _builder_version=&#8221;3.23&#8243;][\/et_pb_image][\/et_pb_column][\/et_pb_row][et_pb_row _builder_version=&#8221;3.25&#8243; custom_padding=&#8221;24.9688px|0px|3px|0px|false|false&#8221;][et_pb_column type=&#8221;4_4&#8243; _builder_version=&#8221;3.25&#8243; custom_padding=&#8221;|||&#8221; custom_padding__hover=&#8221;|||&#8221;][et_pb_text _builder_version=&#8221;3.27.4&#8243;]<\/p>\n<h2>Caracter\u00edsticas<\/h2>\n<p>[\/et_pb_text][\/et_pb_column][\/et_pb_row][et_pb_row column_structure=&#8221;1_3,1_3,1_3&#8243; _builder_version=&#8221;3.25&#8243; custom_padding=&#8221;14px|0px|24.9688px|0px|false|false&#8221;][et_pb_column type=&#8221;1_3&#8243; _builder_version=&#8221;3.25&#8243; custom_padding=&#8221;|||&#8221; custom_padding__hover=&#8221;|||&#8221;][et_pb_text _builder_version=&#8221;3.27.4&#8243;]<\/p>\n<p>La <strong>IFE-TPC<\/strong> es compatible con la <a href=\"https:\/\/creativebonfire.com\/ife\/productos\/abrazaderas-para-manguera\/abrazaderas-para-manguera-estilo-americano\/?lang=es\">IFE-AS estilo americano<\/a> (fleje perforado) en ancho de fleje de 1\/2&#8243; y con las abrazaderas <a href=\"https:\/\/creativebonfire.com\/ife\/productos\/abrazaderas-para-manguera\/abrazaderas-de-manguera-estilo-aleman\/?lang=es\">IFE-GS estilo aleman<\/a> con ancho de fleje de 9 mm.<\/p>\n<p>[\/et_pb_text][et_pb_image src=&#8221;https:\/\/creativebonfire.com\/ife\/wp-content\/uploads\/2019\/01\/ife-tpc-features-1.jpg&#8221; align_tablet=&#8221;center&#8221; align_phone=&#8221;&#8221; align_last_edited=&#8221;on|desktop&#8221; _builder_version=&#8221;3.23&#8243;][\/et_pb_image][\/et_pb_column][et_pb_column type=&#8221;1_3&#8243; _builder_version=&#8221;3.25&#8243; custom_padding=&#8221;|||&#8221; custom_padding__hover=&#8221;|||&#8221;][et_pb_text _builder_version=&#8221;3.27.4&#8243;]<\/p>\n<p>La <strong>IFE-TPC<\/strong> puede instalarse en abrazaderas con componentes de acero al carbono o de acero inoxidable galvanizado, dependiendo de los requisitos de resistencia a la corrosi\u00f3n.<\/p>\n<p>[\/et_pb_text][et_pb_image src=&#8221;https:\/\/creativebonfire.com\/ife\/wp-content\/uploads\/2019\/01\/ife-tpc-features-2.jpg&#8221; align_tablet=&#8221;center&#8221; align_phone=&#8221;&#8221; align_last_edited=&#8221;on|desktop&#8221; _builder_version=&#8221;3.23&#8243;][\/et_pb_image][\/et_pb_column][et_pb_column type=&#8221;1_3&#8243; _builder_version=&#8221;3.25&#8243; custom_padding=&#8221;|||&#8221; custom_padding__hover=&#8221;|||&#8221;][et_pb_text _builder_version=&#8221;3.27.4&#8243;]<\/p>\n<p><strong>IFE<\/strong> puede suministrar una herramienta de producci\u00f3n especial para que la IFE-TPC se instale en entornos de producci\u00f3n de alto volumen.<\/p>\n<p>[\/et_pb_text][et_pb_image src=&#8221;https:\/\/creativebonfire.com\/ife\/wp-content\/uploads\/2019\/01\/ife-tpc-features-3.jpg&#8221; align_tablet=&#8221;center&#8221; align_phone=&#8221;&#8221; align_last_edited=&#8221;on|desktop&#8221; _builder_version=&#8221;3.23&#8243;][\/et_pb_image][\/et_pb_column][\/et_pb_row][et_pb_row disabled_on=&#8221;off|off|off&#8221; admin_label=&#8221;Disclaimer Text Row&#8221; _builder_version=&#8221;3.25&#8243; background_size=&#8221;initial&#8221; background_position=&#8221;top_left&#8221; background_repeat=&#8221;repeat&#8221; custom_padding=&#8221;0px||0px||true&#8221; collapsed=&#8221;on&#8221;][et_pb_column type=&#8221;4_4&#8243; _builder_version=&#8221;3.25&#8243; custom_padding=&#8221;|||&#8221; custom_padding__hover=&#8221;|||&#8221;][et_pb_text admin_label=&#8221;Due to our program &#8230; Text&#8221; _builder_version=&#8221;3.27.4&#8243; text_font_size=&#8221;14px&#8221; text_orientation=&#8221;center&#8221;]<\/p>\n<p>Debido a nuestro programa de mejora continua, las especificaciones est\u00e1n sujetas a cambios.<\/p>\n<p>[\/et_pb_text][\/et_pb_column][\/et_pb_row][\/et_pb_section][et_pb_section fb_built=&#8221;1&#8243; specialty=&#8221;on&#8221; padding_bottom_2=&#8221;0px&#8221; admin_label=&#8221;Upper Footer&#8221; module_id=&#8221;upper-footer&#8221; _builder_version=&#8221;3.22&#8243; background_color=&#8221;#e6e7e8&#8243; custom_margin=&#8221;||0px|&#8221; custom_padding=&#8221;15px||0px|&#8221; border_width_top=&#8221;6px&#8221; border_color_top=&#8221;#ffd24f&#8221; locked=&#8221;off&#8221; collapsed=&#8221;on&#8221;][et_pb_column type=&#8221;3_4&#8243; specialty_columns=&#8221;3&#8243; _builder_version=&#8221;3.25&#8243; custom_padding=&#8221;|||&#8221; parallax__hover=&#8221;off&#8221; parallax_method__hover=&#8221;on&#8221; custom_padding__hover=&#8221;|||&#8221;][et_pb_row_inner column_structure=&#8221;1_3,1_3,1_3&#8243; admin_label=&#8221;Row&#8221; _builder_version=&#8221;3.25&#8243; custom_padding=&#8221;||0px|&#8221;][et_pb_column_inner type=&#8221;1_3&#8243; saved_specialty_column_type=&#8221;3_4&#8243; _builder_version=&#8221;3.25&#8243; custom_padding=&#8221;|||&#8221; parallax__hover=&#8221;off&#8221; parallax_method__hover=&#8221;on&#8221; custom_padding__hover=&#8221;|||&#8221;][et_pb_image src=&#8221;https:\/\/creativebonfire.com\/ife\/wp-content\/uploads\/2018\/11\/ife-logo.png&#8221; align_tablet=&#8221;center&#8221; align_phone=&#8221;&#8221; align_last_edited=&#8221;on|desktop&#8221; _builder_version=&#8221;3.23&#8243;][\/et_pb_image][\/et_pb_column_inner][et_pb_column_inner type=&#8221;1_3&#8243; saved_specialty_column_type=&#8221;3_4&#8243; _builder_version=&#8221;3.25&#8243; custom_padding=&#8221;|||&#8221; parallax__hover=&#8221;off&#8221; parallax_method__hover=&#8221;on&#8221; custom_padding__hover=&#8221;|||&#8221;][\/et_pb_column_inner][et_pb_column_inner type=&#8221;1_3&#8243; saved_specialty_column_type=&#8221;3_4&#8243; _builder_version=&#8221;3.25&#8243; custom_padding=&#8221;|||&#8221; parallax__hover=&#8221;off&#8221; parallax_method__hover=&#8221;on&#8221; custom_padding__hover=&#8221;|||&#8221;][\/et_pb_column_inner][\/et_pb_row_inner][et_pb_row_inner column_structure=&#8221;1_3,1_3,1_3&#8243; use_custom_gutter=&#8221;on&#8221; gutter_width=&#8221;2&#8243; admin_label=&#8221;Row&#8221; module_id=&#8221;upper-footer-text&#8221; _builder_version=&#8221;3.25&#8243;][et_pb_column_inner type=&#8221;1_3&#8243; saved_specialty_column_type=&#8221;3_4&#8243; _builder_version=&#8221;3.25&#8243; custom_padding=&#8221;|||&#8221; parallax__hover=&#8221;off&#8221; parallax_method__hover=&#8221;on&#8221; custom_padding__hover=&#8221;|||&#8221;][et_pb_text _builder_version=&#8221;3.27.4&#8243;]<strong>IFE Americas USA<\/strong><br \/>\n7000 Kensington Road<br \/>\nBrighton, MI 48116<br \/>\n<strong>Tel\u00e9fono:<\/strong> +1 (248) 446 1900<br \/>\n<strong>E-mail:<\/strong> <a href=\"mailto:info@ife-group.com\">info@ife-group.com<\/a>[\/et_pb_text][\/et_pb_column_inner][et_pb_column_inner type=&#8221;1_3&#8243; saved_specialty_column_type=&#8221;3_4&#8243; _builder_version=&#8221;3.25&#8243; custom_padding=&#8221;|||&#8221; parallax__hover=&#8221;off&#8221; parallax_method__hover=&#8221;on&#8221; custom_padding__hover=&#8221;|||&#8221;][et_pb_text _builder_version=&#8221;4.2.1&#8243;]<strong>IFE Americas M\u00e9xico<br \/>\n<\/strong>Bernardo Quintana 7001 Torre 2 \u2013 813<br \/>\nCol. Centro Sur. Quer\u00e9taro, Qro. 76090<br \/>\n<strong>Tel\u00e9fono:<\/strong> +52 (442) 245-1515<br \/>\n<strong>E-mail:<\/strong> <a href=\"mailto:info@ife-group.com\">info@ife-group.com<\/a>[\/et_pb_text][\/et_pb_column_inner][et_pb_column_inner type=&#8221;1_3&#8243; saved_specialty_column_type=&#8221;3_4&#8243; _builder_version=&#8221;3.25&#8243; custom_padding=&#8221;|||&#8221; parallax__hover=&#8221;off&#8221; parallax_method__hover=&#8221;on&#8221; custom_padding__hover=&#8221;|||&#8221;][et_pb_text _builder_version=&#8221;4.2.1&#8243;]<strong>IFE Europe Sweden<br \/>\n<\/strong>Ban\u00e9rgatan 51<br \/>\nSE-115 22 Stockholm<br \/>\n<strong>Tel\u00e9fono:<\/strong> +46 708 102 711<br \/>\n<strong>E-mail: <\/strong><a href=\"mailto:info@ife-group.com\">info@ife-group.com<\/a>[\/et_pb_text][\/et_pb_column_inner][\/et_pb_row_inner][\/et_pb_column][et_pb_column type=&#8221;1_4&#8243; _builder_version=&#8221;3.25&#8243; custom_padding=&#8221;|||&#8221; padding_bottom__hover=&#8221;0px&#8221; parallax__hover=&#8221;off&#8221; parallax_method__hover=&#8221;on&#8221; custom_padding__hover=&#8221;|||&#8221;][et_pb_sidebar area=&#8221;et_pb_widget_area_1&#8243; show_border=&#8221;off&#8221; admin_label=&#8221;Menu&#8221; _builder_version=&#8221;3.17.6&#8243; body_font=&#8221;|700|||||||&#8221; body_font_size=&#8221;18&#8243; body_line_height=&#8221;1.4em&#8221; custom_margin=&#8221;||0px|&#8221;][\/et_pb_sidebar][\/et_pb_column][\/et_pb_section]<\/p>\n","protected":false},"excerpt":{"rendered":"<p>IFE-TPC Abrazaderas de placa de pulgarEl IFE-TPC es para aplicaciones en las que los usuarios necesitan asistir una manguera sujeta sin acceso a herramientas para atornillar o instalar. Las placas de pulgar para las abrazaderas IFE-TPC est\u00e1n hechas con nailon relleno de vidrio, por lo que se pueden instalar con herramientas de montaje de producci\u00f3n [&hellip;]<\/p>\n","protected":false},"author":2,"featured_media":0,"parent":1539,"menu_order":27,"comment_status":"closed","ping_status":"closed","template":"","meta":{"_et_pb_use_builder":"on","_et_pb_old_content":"","_et_gb_content_width":"","_exactmetrics_skip_tracking":false,"_exactmetrics_sitenote_active":false,"_exactmetrics_sitenote_note":"","_exactmetrics_sitenote_category":0,"footnotes":""},"class_list":["post-1612","page","type-page","status-publish","hentry"],"yoast_head":"<!-- This site is optimized with the Yoast SEO plugin v26.9 - https:\/\/yoast.com\/product\/yoast-seo-wordpress\/ -->\n<title>Abrazaderas de placa de pulgar | IFE GROUP<\/title>\n<meta name=\"description\" content=\"IFE-TPC es para aplicaciones en las que los usuarios finales deben poder realizar el servicio en un entorno donde no hay acceso a un destornillador ni a herramientas de enchufe.\" \/>\n<meta name=\"robots\" content=\"index, follow, max-snippet:-1, max-image-preview:large, max-video-preview:-1\" \/>\n<link rel=\"canonical\" href=\"https:\/\/creativebonfire.com\/ife\/productos\/especiales\/abrazaderas-de-placa-de-pulgar\/?lang=es\" \/>\n<meta property=\"og:locale\" content=\"en_US\" \/>\n<meta property=\"og:type\" content=\"article\" \/>\n<meta property=\"og:title\" content=\"Abrazaderas de placa de pulgar | IFE GROUP\" \/>\n<meta property=\"og:description\" content=\"IFE-TPC es para aplicaciones en las que los usuarios finales deben poder realizar el servicio en un entorno donde no hay acceso a un destornillador ni a herramientas de enchufe.\" \/>\n<meta property=\"og:url\" content=\"https:\/\/creativebonfire.com\/ife\/productos\/especiales\/abrazaderas-de-placa-de-pulgar\/?lang=es\" \/>\n<meta property=\"og:site_name\" content=\"IFE GROUP\" \/>\n<meta property=\"article:modified_time\" content=\"2020-09-13T19:51:02+00:00\" \/>\n<meta name=\"twitter:card\" content=\"summary_large_image\" \/>\n<meta name=\"twitter:label1\" content=\"Est. reading time\" \/>\n\t<meta name=\"twitter:data1\" content=\"6 minutes\" \/>\n<script type=\"application\/ld+json\" class=\"yoast-schema-graph\">{\"@context\":\"https:\/\/schema.org\",\"@graph\":[{\"@type\":\"WebPage\",\"@id\":\"https:\/\/creativebonfire.com\/ife\/productos\/especiales\/abrazaderas-de-placa-de-pulgar\/?lang=es\",\"url\":\"https:\/\/creativebonfire.com\/ife\/productos\/especiales\/abrazaderas-de-placa-de-pulgar\/?lang=es\",\"name\":\"Abrazaderas de placa de pulgar | IFE GROUP\",\"isPartOf\":{\"@id\":\"https:\/\/creativebonfire.com\/ife\/#website\"},\"datePublished\":\"2019-06-11T00:38:19+00:00\",\"dateModified\":\"2020-09-13T19:51:02+00:00\",\"description\":\"IFE-TPC es para aplicaciones en las que los usuarios finales deben poder realizar el servicio en un entorno donde no hay acceso a un destornillador ni a herramientas de enchufe.\",\"breadcrumb\":{\"@id\":\"https:\/\/creativebonfire.com\/ife\/productos\/especiales\/abrazaderas-de-placa-de-pulgar\/?lang=es#breadcrumb\"},\"inLanguage\":\"en-US\",\"potentialAction\":[{\"@type\":\"ReadAction\",\"target\":[\"https:\/\/creativebonfire.com\/ife\/productos\/especiales\/abrazaderas-de-placa-de-pulgar\/?lang=es\"]}]},{\"@type\":\"BreadcrumbList\",\"@id\":\"https:\/\/creativebonfire.com\/ife\/productos\/especiales\/abrazaderas-de-placa-de-pulgar\/?lang=es#breadcrumb\",\"itemListElement\":[{\"@type\":\"ListItem\",\"position\":1,\"name\":\"Home\",\"item\":\"https:\/\/creativebonfire.com\/ife\/\"},{\"@type\":\"ListItem\",\"position\":2,\"name\":\"Productos\",\"item\":\"https:\/\/creativebonfire.com\/ife\/productos\/?lang=es\"},{\"@type\":\"ListItem\",\"position\":3,\"name\":\"Especiales\",\"item\":\"https:\/\/creativebonfire.com\/ife\/productos\/especiales\/?lang=es\"},{\"@type\":\"ListItem\",\"position\":4,\"name\":\"Abrazaderas de placa de pulgar\"}]},{\"@type\":\"WebSite\",\"@id\":\"https:\/\/creativebonfire.com\/ife\/#website\",\"url\":\"https:\/\/creativebonfire.com\/ife\/\",\"name\":\"IFE Americas, Inc.\",\"description\":\"Fluid Systems Components\",\"publisher\":{\"@id\":\"https:\/\/creativebonfire.com\/ife\/#organization\"},\"potentialAction\":[{\"@type\":\"SearchAction\",\"target\":{\"@type\":\"EntryPoint\",\"urlTemplate\":\"https:\/\/creativebonfire.com\/ife\/?s={search_term_string}\"},\"query-input\":{\"@type\":\"PropertyValueSpecification\",\"valueRequired\":true,\"valueName\":\"search_term_string\"}}],\"inLanguage\":\"en-US\"},{\"@type\":\"Organization\",\"@id\":\"https:\/\/creativebonfire.com\/ife\/#organization\",\"name\":\"IFE Americas\",\"url\":\"https:\/\/creativebonfire.com\/ife\/\",\"logo\":{\"@type\":\"ImageObject\",\"inLanguage\":\"en-US\",\"@id\":\"https:\/\/creativebonfire.com\/ife\/#\/schema\/logo\/image\/\",\"url\":\"https:\/\/creativebonfire.com\/ife\/wp-content\/uploads\/2018\/11\/ife-logo.png\",\"contentUrl\":\"https:\/\/creativebonfire.com\/ife\/wp-content\/uploads\/2018\/11\/ife-logo.png\",\"width\":888,\"height\":252,\"caption\":\"IFE Americas\"},\"image\":{\"@id\":\"https:\/\/creativebonfire.com\/ife\/#\/schema\/logo\/image\/\"}}]}<\/script>\n<!-- \/ Yoast SEO plugin. -->","yoast_head_json":{"title":"Abrazaderas de placa de pulgar | IFE GROUP","description":"IFE-TPC es para aplicaciones en las que los usuarios finales deben poder realizar el servicio en un entorno donde no hay acceso a un destornillador ni a herramientas de enchufe.","robots":{"index":"index","follow":"follow","max-snippet":"max-snippet:-1","max-image-preview":"max-image-preview:large","max-video-preview":"max-video-preview:-1"},"canonical":"https:\/\/creativebonfire.com\/ife\/productos\/especiales\/abrazaderas-de-placa-de-pulgar\/?lang=es","og_locale":"en_US","og_type":"article","og_title":"Abrazaderas de placa de pulgar | IFE GROUP","og_description":"IFE-TPC es para aplicaciones en las que los usuarios finales deben poder realizar el servicio en un entorno donde no hay acceso a un destornillador ni a herramientas de enchufe.","og_url":"https:\/\/creativebonfire.com\/ife\/productos\/especiales\/abrazaderas-de-placa-de-pulgar\/?lang=es","og_site_name":"IFE GROUP","article_modified_time":"2020-09-13T19:51:02+00:00","twitter_card":"summary_large_image","twitter_misc":{"Est. reading time":"6 minutes"},"schema":{"@context":"https:\/\/schema.org","@graph":[{"@type":"WebPage","@id":"https:\/\/creativebonfire.com\/ife\/productos\/especiales\/abrazaderas-de-placa-de-pulgar\/?lang=es","url":"https:\/\/creativebonfire.com\/ife\/productos\/especiales\/abrazaderas-de-placa-de-pulgar\/?lang=es","name":"Abrazaderas de placa de pulgar | IFE GROUP","isPartOf":{"@id":"https:\/\/creativebonfire.com\/ife\/#website"},"datePublished":"2019-06-11T00:38:19+00:00","dateModified":"2020-09-13T19:51:02+00:00","description":"IFE-TPC es para aplicaciones en las que los usuarios finales deben poder realizar el servicio en un entorno donde no hay acceso a un destornillador ni a herramientas de enchufe.","breadcrumb":{"@id":"https:\/\/creativebonfire.com\/ife\/productos\/especiales\/abrazaderas-de-placa-de-pulgar\/?lang=es#breadcrumb"},"inLanguage":"en-US","potentialAction":[{"@type":"ReadAction","target":["https:\/\/creativebonfire.com\/ife\/productos\/especiales\/abrazaderas-de-placa-de-pulgar\/?lang=es"]}]},{"@type":"BreadcrumbList","@id":"https:\/\/creativebonfire.com\/ife\/productos\/especiales\/abrazaderas-de-placa-de-pulgar\/?lang=es#breadcrumb","itemListElement":[{"@type":"ListItem","position":1,"name":"Home","item":"https:\/\/creativebonfire.com\/ife\/"},{"@type":"ListItem","position":2,"name":"Productos","item":"https:\/\/creativebonfire.com\/ife\/productos\/?lang=es"},{"@type":"ListItem","position":3,"name":"Especiales","item":"https:\/\/creativebonfire.com\/ife\/productos\/especiales\/?lang=es"},{"@type":"ListItem","position":4,"name":"Abrazaderas de placa de pulgar"}]},{"@type":"WebSite","@id":"https:\/\/creativebonfire.com\/ife\/#website","url":"https:\/\/creativebonfire.com\/ife\/","name":"IFE Americas, Inc.","description":"Fluid Systems Components","publisher":{"@id":"https:\/\/creativebonfire.com\/ife\/#organization"},"potentialAction":[{"@type":"SearchAction","target":{"@type":"EntryPoint","urlTemplate":"https:\/\/creativebonfire.com\/ife\/?s={search_term_string}"},"query-input":{"@type":"PropertyValueSpecification","valueRequired":true,"valueName":"search_term_string"}}],"inLanguage":"en-US"},{"@type":"Organization","@id":"https:\/\/creativebonfire.com\/ife\/#organization","name":"IFE Americas","url":"https:\/\/creativebonfire.com\/ife\/","logo":{"@type":"ImageObject","inLanguage":"en-US","@id":"https:\/\/creativebonfire.com\/ife\/#\/schema\/logo\/image\/","url":"https:\/\/creativebonfire.com\/ife\/wp-content\/uploads\/2018\/11\/ife-logo.png","contentUrl":"https:\/\/creativebonfire.com\/ife\/wp-content\/uploads\/2018\/11\/ife-logo.png","width":888,"height":252,"caption":"IFE Americas"},"image":{"@id":"https:\/\/creativebonfire.com\/ife\/#\/schema\/logo\/image\/"}}]}},"_links":{"self":[{"href":"https:\/\/creativebonfire.com\/ife\/wp-json\/wp\/v2\/pages\/1612","targetHints":{"allow":["GET"]}}],"collection":[{"href":"https:\/\/creativebonfire.com\/ife\/wp-json\/wp\/v2\/pages"}],"about":[{"href":"https:\/\/creativebonfire.com\/ife\/wp-json\/wp\/v2\/types\/page"}],"author":[{"embeddable":true,"href":"https:\/\/creativebonfire.com\/ife\/wp-json\/wp\/v2\/users\/2"}],"replies":[{"embeddable":true,"href":"https:\/\/creativebonfire.com\/ife\/wp-json\/wp\/v2\/comments?post=1612"}],"version-history":[{"count":5,"href":"https:\/\/creativebonfire.com\/ife\/wp-json\/wp\/v2\/pages\/1612\/revisions"}],"predecessor-version":[{"id":2566,"href":"https:\/\/creativebonfire.com\/ife\/wp-json\/wp\/v2\/pages\/1612\/revisions\/2566"}],"up":[{"embeddable":true,"href":"https:\/\/creativebonfire.com\/ife\/wp-json\/wp\/v2\/pages\/1539"}],"wp:attachment":[{"href":"https:\/\/creativebonfire.com\/ife\/wp-json\/wp\/v2\/media?parent=1612"}],"curies":[{"name":"wp","href":"https:\/\/api.w.org\/{rel}","templated":true}]}}