{"id":1539,"date":"2019-06-01T23:42:25","date_gmt":"2019-06-02T03:42:25","guid":{"rendered":"http:\/\/www.creativebonfire.com\/ife\/productos\/especiales\/"},"modified":"2020-01-21T11:35:53","modified_gmt":"2020-01-21T16:35:53","slug":"especiales","status":"publish","type":"page","link":"https:\/\/creativebonfire.com\/ife\/productos\/especiales\/?lang=es","title":{"rendered":"Especiales"},"content":{"rendered":"<p>[et_pb_section fb_built=&#8221;1&#8243; fullwidth=&#8221;on&#8221; disabled_on=&#8221;on|on|&#8221; admin_label=&#8221;Mega Menu &#8211; Hose Clamps&#8221; module_class=&#8221;specials-on&#8221; _builder_version=&#8221;3.22&#8243; background_color=&#8221;#ffd24f&#8221; border_width_top=&#8221;2px&#8221; border_color_top=&#8221;#ffffff&#8221; border_width_bottom=&#8221;2px&#8221; border_color_bottom=&#8221;#ffffff&#8221; collapsed=&#8221;off&#8221;][et_pb_quadmenu menu_id=&#8221;7&#8243; menu_theme=&#8221;custom_theme_1&#8243; _builder_version=&#8221;3.17.6&#8243;][\/et_pb_quadmenu][\/et_pb_section][et_pb_section fb_built=&#8221;1&#8243; admin_label=&#8221;H1&#8243; _builder_version=&#8221;3.22&#8243; background_color=&#8221;#000000&#8243; custom_padding=&#8221;0px||0px|&#8221;][et_pb_row _builder_version=&#8221;3.25&#8243; custom_padding=&#8221;||1.2%|&#8221;][et_pb_column type=&#8221;4_4&#8243; _builder_version=&#8221;3.25&#8243; custom_padding=&#8221;|||&#8221; custom_padding__hover=&#8221;|||&#8221;][et_pb_text admin_label=&#8221;H1&#8243; _builder_version=&#8221;3.27.4&#8243; header_text_color=&#8221;#ffd24f&#8221; header_font_size=&#8221;72px&#8221;]<\/p>\n<h1>Especiales<\/h1>\n<p>[\/et_pb_text][\/et_pb_column][\/et_pb_row][\/et_pb_section][et_pb_section fb_built=&#8221;1&#8243; _builder_version=&#8221;3.22&#8243; background_color=&#8221;rgba(0,0,0,0.2)&#8221;][et_pb_row column_structure=&#8221;3_4,1_4&#8243; use_custom_gutter=&#8221;on&#8221; gutter_width=&#8221;1&#8243; make_equal=&#8221;on&#8221; _builder_version=&#8221;4.0.11&#8243; custom_padding=&#8221;||0px&#8221; link_option_url=&#8221;https:\/\/creativebonfire.com\/ife\/productos\/especiales\/kit-surtido-pro\/?lang=es&#8221;][et_pb_column type=&#8221;3_4&#8243; _builder_version=&#8221;3.25&#8243; background_color=&#8221;#f0f0f0&#8243; custom_padding=&#8221;|||&#8221; custom_padding__hover=&#8221;|||&#8221;][et_pb_text admin_label=&#8221;Assortment Box&#8221; _builder_version=&#8221;3.27.4&#8243; text_font=&#8221;|700|||||||&#8221; text_text_color=&#8221;#000000&#8243; text_font_size=&#8221;26px&#8221; header_2_font=&#8221;|700|||||||&#8221; header_2_text_align=&#8221;left&#8221; header_2_text_color=&#8221;#000000&#8243; header_2_font_size=&#8221;24px&#8221; background_color=&#8221;#ffd24f&#8221; custom_padding=&#8221;16px|10px|4px|20px&#8221;]<\/p>\n<h2>Kit Surtido Pro<\/h2>\n<p>[\/et_pb_text][et_pb_text _builder_version=&#8221;3.27.4&#8243; ul_text_align=&#8221;left&#8221; ul_line_height=&#8221;1.4em&#8221; custom_padding=&#8221;10px|10px|10px|24px&#8221;]<\/p>\n<p><a class=\"text-button\" href=\"https:\/\/creativebonfire.com\/ife\/productos\/especiales\/kit-surtido-pro\/?lang=es\">M\u00c1S INFORMACI\u00d3N<\/a><\/p>\n<p>[\/et_pb_text][\/et_pb_column][et_pb_column type=&#8221;1_4&#8243; _builder_version=&#8221;3.25&#8243; background_color=&#8221;#ffffff&#8221; custom_padding=&#8221;|||&#8221; custom_padding__hover=&#8221;|||&#8221;][et_pb_text admin_label=&#8221;IFE-MC&#8221; _builder_version=&#8221;3.27.4&#8243; text_font=&#8221;|700|||||||&#8221; text_text_color=&#8221;#000000&#8243; text_font_size=&#8221;26px&#8221; header_2_font=&#8221;|700|||||||&#8221; header_2_text_align=&#8221;center&#8221; header_2_text_color=&#8221;#ffffff&#8221; header_2_font_size=&#8221;24px&#8221; background_color=&#8221;#000000&#8243; custom_padding=&#8221;16px|10px|4px|10px&#8221;]<\/p>\n<h2>IFE-PAK<\/h2>\n<p>[\/et_pb_text][et_pb_image src=&#8221;https:\/\/creativebonfire.com\/ife\/wp-content\/uploads\/2018\/12\/product-samplecase.jpg&#8221; alt=&#8221;Kit Surtido Pro&#8221; show_bottom_space=&#8221;off&#8221; align_tablet=&#8221;center&#8221; align_phone=&#8221;&#8221; align_last_edited=&#8221;on|desktop&#8221; _builder_version=&#8221;3.23&#8243;][\/et_pb_image][\/et_pb_column][\/et_pb_row][et_pb_row column_structure=&#8221;3_4,1_4&#8243; use_custom_gutter=&#8221;on&#8221; gutter_width=&#8221;1&#8243; make_equal=&#8221;on&#8221; _builder_version=&#8221;4.0.11&#8243; custom_padding=&#8221;||0px&#8221; link_option_url=&#8221;https:\/\/creativebonfire.com\/ife\/productos\/especiales\/herramienta-de-instalacion-flexible\/?lang=es&#8221;][et_pb_column type=&#8221;3_4&#8243; _builder_version=&#8221;3.25&#8243; background_color=&#8221;#f0f0f0&#8243; custom_padding=&#8221;|||&#8221; custom_padding__hover=&#8221;|||&#8221;][et_pb_text admin_label=&#8221;Flexible Screwdriver&#8221; _builder_version=&#8221;3.27.4&#8243; text_font=&#8221;|700|||||||&#8221; text_text_color=&#8221;#000000&#8243; text_font_size=&#8221;26px&#8221; header_2_font=&#8221;|700|||||||&#8221; header_2_text_align=&#8221;left&#8221; header_2_text_color=&#8221;#000000&#8243; header_2_font_size=&#8221;24px&#8221; background_color=&#8221;#ffd24f&#8221; custom_padding=&#8221;16px|10px|4px|20px&#8221;]<\/p>\n<h2>Herramienta de instalaci\u00f3n flexible<\/h2>\n<p>[\/et_pb_text][et_pb_text _builder_version=&#8221;3.27.4&#8243; ul_text_align=&#8221;left&#8221; ul_line_height=&#8221;1.4em&#8221; custom_padding=&#8221;10px|10px|10px|24px&#8221;]<\/p>\n<ul>\n<li>Para las abrazaderas de estilo americano IFE-AS, IFE-AS2 y IFE-LPC la toma reversible es de 1\/4 &#8221; en un extremo y de 5\/16&#8243; en el otro<\/li>\n<li>Para las abrazaderas de estilo europeo IFE-MC, IFE-GS, IFE-SS la toma reversible es de 6 mm en un extremo y de 7 mm en el otro<\/li>\n<li>El dise\u00f1o ergon\u00f3mico de la manija permite que las abrazaderas sean instaladas f\u00e1cilmente con el m\u00ednimo esfuerzo<\/li>\n<li>El eje flexible es de 7&#8243; de largo<\/li>\n<\/ul>\n<p><a class=\"text-button\" href=\"https:\/\/creativebonfire.com\/ife\/productos\/especiales\/herramienta-de-instalacion-flexible\/?lang=es\">M\u00c1S INFORMACI\u00d3N<\/a>[\/et_pb_text][\/et_pb_column][et_pb_column type=&#8221;1_4&#8243; _builder_version=&#8221;3.25&#8243; background_color=&#8221;#ffffff&#8221; custom_padding=&#8221;|||&#8221; custom_padding__hover=&#8221;|||&#8221;][et_pb_text admin_label=&#8221;IFE-MC&#8221; _builder_version=&#8221;3.27.4&#8243; text_font=&#8221;|700|||||||&#8221; text_text_color=&#8221;#000000&#8243; text_font_size=&#8221;26px&#8221; header_2_font=&#8221;|700|||||||&#8221; header_2_text_align=&#8221;center&#8221; header_2_text_color=&#8221;#ffffff&#8221; header_2_font_size=&#8221;24px&#8221; background_color=&#8221;#000000&#8243; custom_padding=&#8221;16px|10px|4px|10px&#8221;]<\/p>\n<h2>IFE-FIT<\/h2>\n<p>[\/et_pb_text][et_pb_image src=&#8221;https:\/\/creativebonfire.com\/ife\/wp-content\/uploads\/2018\/12\/product-flexscrewdriver.jpg&#8221; alt=&#8221;Herramienta de instalaci\u00f3n flexible&#8221; show_bottom_space=&#8221;off&#8221; align_tablet=&#8221;center&#8221; align_phone=&#8221;&#8221; align_last_edited=&#8221;on|desktop&#8221; _builder_version=&#8221;3.23&#8243;][\/et_pb_image][\/et_pb_column][\/et_pb_row][et_pb_row column_structure=&#8221;3_4,1_4&#8243; use_custom_gutter=&#8221;on&#8221; gutter_width=&#8221;1&#8243; make_equal=&#8221;on&#8221; _builder_version=&#8221;4.0.11&#8243; custom_padding=&#8221;||0px&#8221; link_option_url=&#8221;https:\/\/creativebonfire.com\/ife\/productos\/especiales\/abrazaderas-de-placa-de-pulgar\/?lang=es&#8221;][et_pb_column type=&#8221;3_4&#8243; _builder_version=&#8221;3.25&#8243; background_color=&#8221;#f0f0f0&#8243; custom_padding=&#8221;|||&#8221; custom_padding__hover=&#8221;|||&#8221;][et_pb_text admin_label=&#8221;Thumbplate Hose Clamps&#8221; _builder_version=&#8221;3.27.4&#8243; text_font=&#8221;|700|||||||&#8221; text_text_color=&#8221;#000000&#8243; text_font_size=&#8221;26px&#8221; header_2_font=&#8221;|700|||||||&#8221; header_2_text_align=&#8221;left&#8221; header_2_text_color=&#8221;#000000&#8243; header_2_font_size=&#8221;24px&#8221; background_color=&#8221;#ffd24f&#8221; custom_padding=&#8221;16px|10px|4px|20px&#8221;]<\/p>\n<h2>Abrazaderas de placa de pulgar<\/h2>\n<p>[\/et_pb_text][et_pb_text _builder_version=&#8221;3.27.4&#8243; ul_text_align=&#8221;left&#8221; ul_line_height=&#8221;1.4em&#8221; custom_padding=&#8221;10px|10px|10px|24px&#8221;]<\/p>\n<ul>\n<li>El IFE-TPC es para aplicaciones en las que los usuarios necesitan asistir una manguera sujeta sin acceso a herramientas para atornillar o instalar.<\/li>\n<\/ul>\n<p><a class=\"text-button\" href=\"https:\/\/creativebonfire.com\/ife\/productos\/especiales\/abrazaderas-de-placa-de-pulgar\/?lang=es\">M\u00c1S INFORMACI\u00d3N<\/a><\/p>\n<p>[\/et_pb_text][\/et_pb_column][et_pb_column type=&#8221;1_4&#8243; _builder_version=&#8221;3.25&#8243; background_color=&#8221;#ffffff&#8221; custom_padding=&#8221;|||&#8221; custom_padding__hover=&#8221;|||&#8221;][et_pb_text admin_label=&#8221;IFE-MC&#8221; _builder_version=&#8221;3.27.4&#8243; text_font=&#8221;|700|||||||&#8221; text_text_color=&#8221;#000000&#8243; text_font_size=&#8221;26px&#8221; header_2_font=&#8221;|700|||||||&#8221; header_2_text_align=&#8221;center&#8221; header_2_text_color=&#8221;#ffffff&#8221; header_2_font_size=&#8221;24px&#8221; background_color=&#8221;#000000&#8243; custom_padding=&#8221;16px|10px|4px|10px&#8221;]<\/p>\n<h2>IFE-TPC<\/h2>\n<p>[\/et_pb_text][et_pb_image src=&#8221;https:\/\/creativebonfire.com\/ife\/wp-content\/uploads\/2018\/12\/product-thumbscrew.jpg&#8221; alt=&#8221;Abrazaderas de placa de pulgar&#8221; show_bottom_space=&#8221;off&#8221; align_tablet=&#8221;center&#8221; align_phone=&#8221;&#8221; align_last_edited=&#8221;on|desktop&#8221; _builder_version=&#8221;3.23&#8243;][\/et_pb_image][\/et_pb_column][\/et_pb_row][et_pb_row column_structure=&#8221;3_4,1_4&#8243; use_custom_gutter=&#8221;on&#8221; gutter_width=&#8221;1&#8243; make_equal=&#8221;on&#8221; _builder_version=&#8221;4.0.11&#8243; custom_padding=&#8221;||0px&#8221; link_option_url=&#8221;https:\/\/creativebonfire.com\/ife\/productos\/especiales\/abrazaderas-de-proteccion-de-plastico\/?lang=es&#8221;][et_pb_column type=&#8221;3_4&#8243; _builder_version=&#8221;3.25&#8243; background_color=&#8221;#f0f0f0&#8243; custom_padding=&#8221;|||&#8221; custom_padding__hover=&#8221;|||&#8221;][et_pb_text admin_label=&#8221;Thumbplate Hose Clamps&#8221; _builder_version=&#8221;4.0.11&#8243; text_font=&#8221;|700|||||||&#8221; text_text_color=&#8221;#000000&#8243; text_font_size=&#8221;26px&#8221; header_2_font=&#8221;|700|||||||&#8221; header_2_text_align=&#8221;left&#8221; header_2_text_color=&#8221;#000000&#8243; header_2_font_size=&#8221;24px&#8221; background_color=&#8221;#ffd24f&#8221; custom_padding=&#8221;16px|10px|4px|20px&#8221;]<\/p>\n<h2>Guardas de protecci\u00f3n de pl\u00e1stico para abrazaderas de 1\/2&#8243; o 12 mm<\/h2>\n<p>[\/et_pb_text][et_pb_text _builder_version=&#8221;4.0.11&#8243; ul_text_align=&#8221;left&#8221; ul_line_height=&#8221;1.4em&#8221; custom_padding=&#8221;10px|10px|10px|24px&#8221;]<\/p>\n<ul>\n<li>Protege contra lesiones en las manos cuando se accede a areas confinadas<\/li>\n<li>Se desliza f\u00e1cilmente sobre la punta de la banda despu\u00e9s de la instalaci\u00f3n<\/li>\n<li>Protege otras mangueras y objetos cercanos contra da\u00f1os y cortes<\/li>\n<li>El color negro es est\u00e1ndar aunque se pueden ordenar en otros colores (dependiendo del volumen)<\/li>\n<li>La abrazadera NO est\u00e1 incluida.<\/li>\n<\/ul>\n<p><a class=\"text-button\" href=\"https:\/\/creativebonfire.com\/ife\/productos\/especiales\/abrazaderas-de-proteccion-de-plastico\/?lang=es\">M\u00c1S INFORMACI\u00d3N<\/a><\/p>\n<p>[\/et_pb_text][\/et_pb_column][et_pb_column type=&#8221;1_4&#8243; _builder_version=&#8221;3.25&#8243; background_color=&#8221;#ffffff&#8221; custom_padding=&#8221;|||&#8221; custom_padding__hover=&#8221;|||&#8221;][et_pb_text admin_label=&#8221;IFE-MC&#8221; _builder_version=&#8221;4.0.11&#8243; text_font=&#8221;|700|||||||&#8221; text_text_color=&#8221;#000000&#8243; text_font_size=&#8221;26px&#8221; header_2_font=&#8221;|700|||||||&#8221; header_2_text_align=&#8221;center&#8221; header_2_text_color=&#8221;#ffffff&#8221; header_2_font_size=&#8221;24px&#8221; background_color=&#8221;#000000&#8243; custom_padding=&#8221;16px|10px|4px|10px&#8221;]<\/p>\n<h2>IFE-CAP<\/h2>\n<p>[\/et_pb_text][et_pb_image src=&#8221;https:\/\/creativebonfire.com\/ife\/wp-content\/uploads\/2020\/01\/product-cap.jpg&#8221; alt=&#8221;Abrazaderas de placa de pulgar&#8221; show_bottom_space=&#8221;off&#8221; align_tablet=&#8221;center&#8221; align_phone=&#8221;&#8221; align_last_edited=&#8221;on|desktop&#8221; _builder_version=&#8221;4.0.11&#8243;][\/et_pb_image][\/et_pb_column][\/et_pb_row][et_pb_row _builder_version=&#8221;3.25&#8243; background_size=&#8221;initial&#8221; background_position=&#8221;top_left&#8221; background_repeat=&#8221;repeat&#8221; custom_padding=&#8221;0px||0px||true&#8221; collapsed=&#8221;on&#8221;][et_pb_column type=&#8221;4_4&#8243; _builder_version=&#8221;3.25&#8243; custom_padding=&#8221;|||&#8221; custom_padding__hover=&#8221;|||&#8221;][\/et_pb_column][\/et_pb_row][\/et_pb_section][et_pb_section fb_built=&#8221;1&#8243; specialty=&#8221;on&#8221; padding_bottom_2=&#8221;0px&#8221; admin_label=&#8221;Upper Footer&#8221; module_id=&#8221;upper-footer&#8221; _builder_version=&#8221;3.22&#8243; background_color=&#8221;#e6e7e8&#8243; custom_margin=&#8221;||0px|&#8221; custom_padding=&#8221;15px||0px|&#8221; border_width_top=&#8221;6px&#8221; border_color_top=&#8221;#ffd24f&#8221; locked=&#8221;off&#8221; collapsed=&#8221;on&#8221;][et_pb_column type=&#8221;3_4&#8243; specialty_columns=&#8221;3&#8243; _builder_version=&#8221;3.25&#8243; custom_padding=&#8221;|||&#8221; parallax__hover=&#8221;off&#8221; parallax_method__hover=&#8221;on&#8221; custom_padding__hover=&#8221;|||&#8221;][et_pb_row_inner column_structure=&#8221;1_3,1_3,1_3&#8243; admin_label=&#8221;Row&#8221; _builder_version=&#8221;3.25&#8243; custom_padding=&#8221;||0px|&#8221;][et_pb_column_inner type=&#8221;1_3&#8243; saved_specialty_column_type=&#8221;3_4&#8243; _builder_version=&#8221;3.25&#8243; custom_padding=&#8221;|||&#8221; parallax__hover=&#8221;off&#8221; parallax_method__hover=&#8221;on&#8221; custom_padding__hover=&#8221;|||&#8221;][et_pb_image src=&#8221;https:\/\/creativebonfire.com\/ife\/wp-content\/uploads\/2018\/11\/ife-logo.png&#8221; align_tablet=&#8221;center&#8221; align_phone=&#8221;&#8221; align_last_edited=&#8221;on|desktop&#8221; _builder_version=&#8221;3.23&#8243;][\/et_pb_image][\/et_pb_column_inner][et_pb_column_inner type=&#8221;1_3&#8243; saved_specialty_column_type=&#8221;3_4&#8243; _builder_version=&#8221;3.25&#8243; custom_padding=&#8221;|||&#8221; parallax__hover=&#8221;off&#8221; parallax_method__hover=&#8221;on&#8221; custom_padding__hover=&#8221;|||&#8221;][\/et_pb_column_inner][et_pb_column_inner type=&#8221;1_3&#8243; saved_specialty_column_type=&#8221;3_4&#8243; _builder_version=&#8221;3.25&#8243; custom_padding=&#8221;|||&#8221; parallax__hover=&#8221;off&#8221; parallax_method__hover=&#8221;on&#8221; custom_padding__hover=&#8221;|||&#8221;][\/et_pb_column_inner][\/et_pb_row_inner][et_pb_row_inner column_structure=&#8221;1_3,1_3,1_3&#8243; use_custom_gutter=&#8221;on&#8221; gutter_width=&#8221;2&#8243; admin_label=&#8221;Row&#8221; module_id=&#8221;upper-footer-text&#8221; _builder_version=&#8221;3.25&#8243;][et_pb_column_inner type=&#8221;1_3&#8243; saved_specialty_column_type=&#8221;3_4&#8243; _builder_version=&#8221;3.25&#8243; custom_padding=&#8221;|||&#8221; parallax__hover=&#8221;off&#8221; parallax_method__hover=&#8221;on&#8221; custom_padding__hover=&#8221;|||&#8221;][et_pb_text _builder_version=&#8221;3.27.4&#8243;]<strong>IFE Americas USA<\/strong><br \/>\n7000 Kensington Road<br \/>\nBrighton, MI 48116<br \/>\n<strong>Tel\u00e9fono:<\/strong> +1 (248) 446 1900<br \/>\n<strong>E-mail:<\/strong> <a href=\"mailto:info@ife-group.com\">info@ife-group.com<\/a>[\/et_pb_text][\/et_pb_column_inner][et_pb_column_inner type=&#8221;1_3&#8243; saved_specialty_column_type=&#8221;3_4&#8243; _builder_version=&#8221;3.25&#8243; custom_padding=&#8221;|||&#8221; parallax__hover=&#8221;off&#8221; parallax_method__hover=&#8221;on&#8221; custom_padding__hover=&#8221;|||&#8221;][et_pb_text _builder_version=&#8221;4.2.1&#8243;]<strong>IFE Americas M\u00e9xico<br \/>\n<\/strong>Bernardo Quintana 7001 Torre 2 \u2013 813<br \/>\nCol. Centro Sur. Quer\u00e9taro, Qro. 76090<br \/>\n<strong>Tel\u00e9fono:<\/strong> +52 (442) 245-1515<br \/>\n<strong>E-mail:<\/strong> <a href=\"mailto:info@ife-group.com\">info@ife-group.com<\/a>[\/et_pb_text][\/et_pb_column_inner][et_pb_column_inner type=&#8221;1_3&#8243; saved_specialty_column_type=&#8221;3_4&#8243; _builder_version=&#8221;3.25&#8243; custom_padding=&#8221;|||&#8221; parallax__hover=&#8221;off&#8221; parallax_method__hover=&#8221;on&#8221; custom_padding__hover=&#8221;|||&#8221;][et_pb_text _builder_version=&#8221;4.2.1&#8243;]<strong>IFE Europe Sweden<br \/>\n<\/strong>Ban\u00e9rgatan 51<br \/>\nSE-115 22 Stockholm<br \/>\n<strong>Tel\u00e9fono:<\/strong> +46 708 102 711<br \/>\n<strong>E-mail: <\/strong><a href=\"mailto:info@ife-group.com\">info@ife-group.com<\/a>[\/et_pb_text][\/et_pb_column_inner][\/et_pb_row_inner][\/et_pb_column][et_pb_column type=&#8221;1_4&#8243; _builder_version=&#8221;3.25&#8243; custom_padding=&#8221;|||&#8221; padding_bottom__hover=&#8221;0px&#8221; parallax__hover=&#8221;off&#8221; parallax_method__hover=&#8221;on&#8221; custom_padding__hover=&#8221;|||&#8221;][et_pb_sidebar area=&#8221;et_pb_widget_area_1&#8243; show_border=&#8221;off&#8221; admin_label=&#8221;Menu&#8221; _builder_version=&#8221;3.17.6&#8243; body_font=&#8221;|700|||||||&#8221; body_font_size=&#8221;18&#8243; body_line_height=&#8221;1.4em&#8221; custom_margin=&#8221;||0px|&#8221;][\/et_pb_sidebar][\/et_pb_column][\/et_pb_section]<\/p>\n","protected":false},"excerpt":{"rendered":"<p>Especiales Kit Surtido ProM\u00c1S INFORMACI\u00d3NIFE-PAKHerramienta de instalaci\u00f3n flexible Para las abrazaderas de estilo americano IFE-AS, IFE-AS2 y IFE-LPC la toma reversible es de 1\/4 &#8221; en un extremo y de 5\/16&#8243; en el otro Para las abrazaderas de estilo europeo IFE-MC, IFE-GS, IFE-SS la toma reversible es de 6 mm en un extremo y de [&hellip;]<\/p>\n","protected":false},"author":2,"featured_media":0,"parent":1523,"menu_order":17,"comment_status":"closed","ping_status":"closed","template":"","meta":{"_et_pb_use_builder":"on","_et_pb_old_content":"","_et_gb_content_width":"","_exactmetrics_skip_tracking":false,"_exactmetrics_sitenote_active":false,"_exactmetrics_sitenote_note":"","_exactmetrics_sitenote_category":0,"footnotes":""},"class_list":["post-1539","page","type-page","status-publish","hentry"],"yoast_head":"<!-- This site is optimized with the Yoast SEO plugin v26.9 - https:\/\/yoast.com\/product\/yoast-seo-wordpress\/ -->\n<title>Especiales | IFE GROUP<\/title>\n<meta name=\"description\" content=\"Kit surtido de abrazaderas para manguera Pro, Herramienta de instalaci\u00f3n flexible para atornillar y Abrazaderas de placa de pulgar\" \/>\n<meta name=\"robots\" content=\"index, follow, max-snippet:-1, max-image-preview:large, max-video-preview:-1\" \/>\n<link rel=\"canonical\" href=\"https:\/\/creativebonfire.com\/ife\/productos\/especiales\/?lang=es\" \/>\n<meta property=\"og:locale\" content=\"en_US\" \/>\n<meta property=\"og:type\" content=\"article\" \/>\n<meta property=\"og:title\" content=\"Especiales | IFE GROUP\" \/>\n<meta property=\"og:description\" content=\"Kit surtido de abrazaderas para manguera Pro, Herramienta de instalaci\u00f3n flexible para atornillar y Abrazaderas de placa de pulgar\" \/>\n<meta property=\"og:url\" content=\"https:\/\/creativebonfire.com\/ife\/productos\/especiales\/?lang=es\" \/>\n<meta property=\"og:site_name\" content=\"IFE GROUP\" \/>\n<meta property=\"article:modified_time\" content=\"2020-01-21T16:35:53+00:00\" \/>\n<meta name=\"twitter:card\" content=\"summary_large_image\" \/>\n<meta name=\"twitter:label1\" content=\"Est. reading time\" \/>\n\t<meta name=\"twitter:data1\" content=\"8 minutes\" \/>\n<script type=\"application\/ld+json\" class=\"yoast-schema-graph\">{\"@context\":\"https:\/\/schema.org\",\"@graph\":[{\"@type\":\"WebPage\",\"@id\":\"https:\/\/creativebonfire.com\/ife\/productos\/especiales\/?lang=es\",\"url\":\"https:\/\/creativebonfire.com\/ife\/productos\/especiales\/?lang=es\",\"name\":\"Especiales | IFE GROUP\",\"isPartOf\":{\"@id\":\"https:\/\/creativebonfire.com\/ife\/#website\"},\"datePublished\":\"2019-06-02T03:42:25+00:00\",\"dateModified\":\"2020-01-21T16:35:53+00:00\",\"description\":\"Kit surtido de abrazaderas para manguera Pro, Herramienta de instalaci\u00f3n flexible para atornillar y Abrazaderas de placa de pulgar\",\"breadcrumb\":{\"@id\":\"https:\/\/creativebonfire.com\/ife\/productos\/especiales\/?lang=es#breadcrumb\"},\"inLanguage\":\"en-US\",\"potentialAction\":[{\"@type\":\"ReadAction\",\"target\":[\"https:\/\/creativebonfire.com\/ife\/productos\/especiales\/?lang=es\"]}]},{\"@type\":\"BreadcrumbList\",\"@id\":\"https:\/\/creativebonfire.com\/ife\/productos\/especiales\/?lang=es#breadcrumb\",\"itemListElement\":[{\"@type\":\"ListItem\",\"position\":1,\"name\":\"Home\",\"item\":\"https:\/\/creativebonfire.com\/ife\/\"},{\"@type\":\"ListItem\",\"position\":2,\"name\":\"Productos\",\"item\":\"https:\/\/creativebonfire.com\/ife\/productos\/?lang=es\"},{\"@type\":\"ListItem\",\"position\":3,\"name\":\"Especiales\"}]},{\"@type\":\"WebSite\",\"@id\":\"https:\/\/creativebonfire.com\/ife\/#website\",\"url\":\"https:\/\/creativebonfire.com\/ife\/\",\"name\":\"IFE Americas, Inc.\",\"description\":\"Fluid Systems Components\",\"publisher\":{\"@id\":\"https:\/\/creativebonfire.com\/ife\/#organization\"},\"potentialAction\":[{\"@type\":\"SearchAction\",\"target\":{\"@type\":\"EntryPoint\",\"urlTemplate\":\"https:\/\/creativebonfire.com\/ife\/?s={search_term_string}\"},\"query-input\":{\"@type\":\"PropertyValueSpecification\",\"valueRequired\":true,\"valueName\":\"search_term_string\"}}],\"inLanguage\":\"en-US\"},{\"@type\":\"Organization\",\"@id\":\"https:\/\/creativebonfire.com\/ife\/#organization\",\"name\":\"IFE Americas\",\"url\":\"https:\/\/creativebonfire.com\/ife\/\",\"logo\":{\"@type\":\"ImageObject\",\"inLanguage\":\"en-US\",\"@id\":\"https:\/\/creativebonfire.com\/ife\/#\/schema\/logo\/image\/\",\"url\":\"https:\/\/creativebonfire.com\/ife\/wp-content\/uploads\/2018\/11\/ife-logo.png\",\"contentUrl\":\"https:\/\/creativebonfire.com\/ife\/wp-content\/uploads\/2018\/11\/ife-logo.png\",\"width\":888,\"height\":252,\"caption\":\"IFE Americas\"},\"image\":{\"@id\":\"https:\/\/creativebonfire.com\/ife\/#\/schema\/logo\/image\/\"}}]}<\/script>\n<!-- \/ Yoast SEO plugin. -->","yoast_head_json":{"title":"Especiales | IFE GROUP","description":"Kit surtido de abrazaderas para manguera Pro, Herramienta de instalaci\u00f3n flexible para atornillar y Abrazaderas de placa de pulgar","robots":{"index":"index","follow":"follow","max-snippet":"max-snippet:-1","max-image-preview":"max-image-preview:large","max-video-preview":"max-video-preview:-1"},"canonical":"https:\/\/creativebonfire.com\/ife\/productos\/especiales\/?lang=es","og_locale":"en_US","og_type":"article","og_title":"Especiales | IFE GROUP","og_description":"Kit surtido de abrazaderas para manguera Pro, Herramienta de instalaci\u00f3n flexible para atornillar y Abrazaderas de placa de pulgar","og_url":"https:\/\/creativebonfire.com\/ife\/productos\/especiales\/?lang=es","og_site_name":"IFE GROUP","article_modified_time":"2020-01-21T16:35:53+00:00","twitter_card":"summary_large_image","twitter_misc":{"Est. reading time":"8 minutes"},"schema":{"@context":"https:\/\/schema.org","@graph":[{"@type":"WebPage","@id":"https:\/\/creativebonfire.com\/ife\/productos\/especiales\/?lang=es","url":"https:\/\/creativebonfire.com\/ife\/productos\/especiales\/?lang=es","name":"Especiales | IFE GROUP","isPartOf":{"@id":"https:\/\/creativebonfire.com\/ife\/#website"},"datePublished":"2019-06-02T03:42:25+00:00","dateModified":"2020-01-21T16:35:53+00:00","description":"Kit surtido de abrazaderas para manguera Pro, Herramienta de instalaci\u00f3n flexible para atornillar y Abrazaderas de placa de pulgar","breadcrumb":{"@id":"https:\/\/creativebonfire.com\/ife\/productos\/especiales\/?lang=es#breadcrumb"},"inLanguage":"en-US","potentialAction":[{"@type":"ReadAction","target":["https:\/\/creativebonfire.com\/ife\/productos\/especiales\/?lang=es"]}]},{"@type":"BreadcrumbList","@id":"https:\/\/creativebonfire.com\/ife\/productos\/especiales\/?lang=es#breadcrumb","itemListElement":[{"@type":"ListItem","position":1,"name":"Home","item":"https:\/\/creativebonfire.com\/ife\/"},{"@type":"ListItem","position":2,"name":"Productos","item":"https:\/\/creativebonfire.com\/ife\/productos\/?lang=es"},{"@type":"ListItem","position":3,"name":"Especiales"}]},{"@type":"WebSite","@id":"https:\/\/creativebonfire.com\/ife\/#website","url":"https:\/\/creativebonfire.com\/ife\/","name":"IFE Americas, Inc.","description":"Fluid Systems Components","publisher":{"@id":"https:\/\/creativebonfire.com\/ife\/#organization"},"potentialAction":[{"@type":"SearchAction","target":{"@type":"EntryPoint","urlTemplate":"https:\/\/creativebonfire.com\/ife\/?s={search_term_string}"},"query-input":{"@type":"PropertyValueSpecification","valueRequired":true,"valueName":"search_term_string"}}],"inLanguage":"en-US"},{"@type":"Organization","@id":"https:\/\/creativebonfire.com\/ife\/#organization","name":"IFE Americas","url":"https:\/\/creativebonfire.com\/ife\/","logo":{"@type":"ImageObject","inLanguage":"en-US","@id":"https:\/\/creativebonfire.com\/ife\/#\/schema\/logo\/image\/","url":"https:\/\/creativebonfire.com\/ife\/wp-content\/uploads\/2018\/11\/ife-logo.png","contentUrl":"https:\/\/creativebonfire.com\/ife\/wp-content\/uploads\/2018\/11\/ife-logo.png","width":888,"height":252,"caption":"IFE Americas"},"image":{"@id":"https:\/\/creativebonfire.com\/ife\/#\/schema\/logo\/image\/"}}]}},"_links":{"self":[{"href":"https:\/\/creativebonfire.com\/ife\/wp-json\/wp\/v2\/pages\/1539","targetHints":{"allow":["GET"]}}],"collection":[{"href":"https:\/\/creativebonfire.com\/ife\/wp-json\/wp\/v2\/pages"}],"about":[{"href":"https:\/\/creativebonfire.com\/ife\/wp-json\/wp\/v2\/types\/page"}],"author":[{"embeddable":true,"href":"https:\/\/creativebonfire.com\/ife\/wp-json\/wp\/v2\/users\/2"}],"replies":[{"embeddable":true,"href":"https:\/\/creativebonfire.com\/ife\/wp-json\/wp\/v2\/comments?post=1539"}],"version-history":[{"count":14,"href":"https:\/\/creativebonfire.com\/ife\/wp-json\/wp\/v2\/pages\/1539\/revisions"}],"predecessor-version":[{"id":2200,"href":"https:\/\/creativebonfire.com\/ife\/wp-json\/wp\/v2\/pages\/1539\/revisions\/2200"}],"up":[{"embeddable":true,"href":"https:\/\/creativebonfire.com\/ife\/wp-json\/wp\/v2\/pages\/1523"}],"wp:attachment":[{"href":"https:\/\/creativebonfire.com\/ife\/wp-json\/wp\/v2\/media?parent=1539"}],"curies":[{"name":"wp","href":"https:\/\/api.w.org\/{rel}","templated":true}]}}