{"id":1527,"date":"2019-06-01T22:33:48","date_gmt":"2019-06-02T02:33:48","guid":{"rendered":"http:\/\/www.creativebonfire.com\/ife\/descargas\/"},"modified":"2020-09-13T16:32:58","modified_gmt":"2020-09-13T20:32:58","slug":"descargas","status":"publish","type":"page","link":"https:\/\/creativebonfire.com\/ife\/descargas\/?lang=es","title":{"rendered":"Descargas"},"content":{"rendered":"<p>[et_pb_section fb_built=&#8221;1&#8243; fullwidth=&#8221;on&#8221; disabled_on=&#8221;on|on|&#8221; admin_label=&#8221;Mega Menu&#8221; module_class=&#8221;all-pages&#8221; _builder_version=&#8221;3.22&#8243; background_color=&#8221;#ffd24f&#8221; border_width_top=&#8221;2px&#8221; border_color_top=&#8221;#ffffff&#8221; border_width_bottom=&#8221;2px&#8221; border_color_bottom=&#8221;#ffffff&#8221; collapsed=&#8221;on&#8221;][et_pb_quadmenu menu_id=&#8221;7&#8243; menu_theme=&#8221;custom_theme_1&#8243; _builder_version=&#8221;3.17.6&#8243;][\/et_pb_quadmenu][\/et_pb_section][et_pb_section fb_built=&#8221;1&#8243; admin_label=&#8221;H1&#8243; _builder_version=&#8221;3.22&#8243; background_color=&#8221;#000000&#8243; custom_padding=&#8221;0px||0px|&#8221;][et_pb_row _builder_version=&#8221;3.25&#8243; custom_padding=&#8221;||1.2%|&#8221;][et_pb_column type=&#8221;4_4&#8243; _builder_version=&#8221;3.25&#8243; custom_padding=&#8221;|||&#8221; custom_padding__hover=&#8221;|||&#8221;][et_pb_text admin_label=&#8221;H1&#8243; _builder_version=&#8221;3.27.4&#8243; header_text_color=&#8221;#ffd24f&#8221; header_font_size=&#8221;72px&#8221;]<\/p>\n<h1>Descargas<\/h1>\n<p>[\/et_pb_text][\/et_pb_column][\/et_pb_row][\/et_pb_section][et_pb_section fb_built=&#8221;1&#8243; _builder_version=&#8221;3.22&#8243;][et_pb_row column_structure=&#8221;3_5,2_5&#8243; _builder_version=&#8221;3.25&#8243; background_size=&#8221;initial&#8221; background_position=&#8221;top_left&#8221; background_repeat=&#8221;repeat&#8221;][et_pb_column type=&#8221;3_5&#8243; _builder_version=&#8221;3.25&#8243; custom_padding=&#8221;|||&#8221; custom_padding__hover=&#8221;|||&#8221;][et_pb_text admin_label=&#8221;Data Sheets&#8221; _builder_version=&#8221;4.3.2&#8243; hover_enabled=&#8221;0&#8243;]<\/p>\n<h2>Fichas t\u00e9cnicas<\/h2>\n<h4>Abrazaderas para manguera<\/h4>\n<p><a href=\"https:\/\/creativebonfire.com\/ife\/wp-content\/uploads\/2020\/09\/IFE-MC-Mini-Clamps-Product-Data-Sheet09-2020.pdf\" download>IFE-MC Abrazaderas mini (PDF)<\/a><\/p>\n<p><a href=\"https:\/\/creativebonfire.com\/ife\/wp-content\/uploads\/2020\/09\/IFE-AS2-Worm-Drive-Clamps-2-pc-Amer.-Style-Data-Sheet09-2020.pdf\" download>IFE-AS2 Abrazaderas de tornillo sin fin con 2 piezas de carcasa, estilo americano (PDF)<\/a><\/p>\n<p><a href=\"https:\/\/creativebonfire.com\/ife\/wp-content\/uploads\/2020\/09\/IFE-AS2WS-Data-Sheet09-2020.pdf\" download>IFE-AS2WS Abrazaderas sinf\u00edn estilo americano de 2 piezas con resorte (PDF)<\/a><\/p>\n<p><a href=\"https:\/\/creativebonfire.com\/ife\/wp-content\/uploads\/2020\/09\/IFE-GS-Worm-Drive-Clamps-German-Style-Data-Sheet09-2020.pdf\" download>IFE-GS Abrazaderas para manguera estilo alem\u00e1n (PDF)<\/a><\/p>\n<p><a href=\"https:\/\/creativebonfire.com\/ife\/wp-content\/uploads\/2020\/09\/IFE-SS-Worm-Drive-Clamps-Swedish-Style-Data-Sheet09-2020.pdf\" download>IFE-SS Abrazaderas de tornillo sin fin estilo sueco (PDF)<\/a><\/p>\n<p><a href=\"https:\/\/creativebonfire.com\/ife\/wp-content\/uploads\/2020\/09\/IFE-HD-Heavy-Duty-Hose-Clamp-Data-Sheet09-2020.pdf\" download>IFE-HD Abrazaderas para Heavy-duty estilo europeo (PDF)<\/a><\/p>\n<p><a href=\"https:\/\/creativebonfire.com\/ife\/wp-content\/uploads\/2020\/09\/IFE-EC-Ear-Clamp-product-data-sheet09-2020.pdf\" download>IFE-EC Abrazaderas de oreja (PDF)<\/a><\/p>\n<h4>Uni\u00f3n de tuber\u00eda<\/h4>\n<p>IFE-MPC Acoplamientos de media presi\u00f3n (\u00a1PDF disponible pr\u00f3ximamente!)<\/p>\n<p>IFE-LPC Acoplamientos de baja presi\u00f3n (\u00a1PDF disponible pr\u00f3ximamente!)<\/p>\n<p><a href=\"https:\/\/creativebonfire.com\/ife\/wp-content\/uploads\/2020\/09\/IFE-PC-Heavy-Duty-Pipe-Clamp-Data-Sheet09-2020.pdf\" download>IFE-PC Abrazaderas de tubo de alta resistencia (PDF)<\/a><\/p>\n<h4>Montaje<\/h4>\n<p><a href=\"https:\/\/creativebonfire.com\/ife\/wp-content\/uploads\/2019\/01\/IFE-VMC-Accumulator-Clamps-Data-Sheet10-2018.pdf\" download=\"\">IFE-VMC Abrazaderas de montaje para recipientes (PDF)<\/a><\/p>\n<p><a href=\"https:\/\/creativebonfire.com\/ife\/wp-content\/uploads\/2020\/09\/IFE-MS-Mounting-Strap-product-data-sheet09-2020.pdf\" download>IFE-MS Correas de montaje (PDF)<\/a><\/p>\n<p><a href=\"https:\/\/creativebonfire.com\/ife\/wp-content\/uploads\/2020\/09\/IFE-RC-Retaining-Clamps-product-data-sheet09-2020.pdf\" download>IFE-RC Abrazaderas de retenci\u00f3n (PDF)<\/a><\/p>\n<h4>Mangas de protecci\u00f3n<\/h4>\n<p><a href=\"https:\/\/creativebonfire.com\/ife\/wp-content\/uploads\/2020\/09\/IFE-HFT-Tube-Product-Data-Sheet09-2020.pdf\" download>IFE-HFT Tubo EXTENSIBLE al Calor (sin hal\u00f3genos) (PDF)<\/a><\/p>\n<p><a href=\"https:\/\/creativebonfire.com\/ife\/wp-content\/uploads\/2020\/02\/IFE-DWT-Product-Data-Sheet2-2020.pdf\" download>Tubo Termoencogible de Doble Pared con Revestimiento Fundible (PDF)<\/a><\/p>\n<p><a href=\"https:\/\/creativebonfire.com\/ife\/wp-content\/uploads\/2020\/09\/IFE-DWT-RO-Product-Data-Sheet09-2020.pdf\" download>IFE-DWT-RO TUBO termoencogible semir\u00edgido con revestimiento de lonja (PDF)<\/a><\/p>\n<p><a href=\"https:\/\/creativebonfire.com\/ife\/wp-content\/uploads\/2020\/09\/IFE-RSF-sleeve-Product-Data-Sheet09-2020.pdf\" download>IFE-RSF Mangas retr\u00e1ctil de calor tejidas (PDF)<\/a><\/p>\n<h4>Especiales<\/h4>\n<p>IFE-PAK Kit surtido de Pro (\u00a1PDF disponible pr\u00f3ximamente!)<\/p>\n<p><a href=\"https:\/\/creativebonfire.com\/ife\/wp-content\/uploads\/2020\/09\/IFE-FIT-Product-Data-Sheet09-2020.pdf\" download>IFE-FIT Herramienta de instalaci\u00f3n flexible (PDF)<\/a><\/p>\n<p><a href=\"https:\/\/creativebonfire.com\/ife\/wp-content\/uploads\/2020\/09\/IFE-TPC-Clamp-Product-Data-Sheet09-2020.pdf\" download>IFE-TPC Abrazaderas de placa de pulgar (PDF)<\/a><\/p>\n<p><a href=\"https:\/\/creativebonfire.com\/ife\/wp-content\/uploads\/2020\/09\/IFE-CAP-Data-Sheet09-2020.pdf\" download>IFE-CAP Tapas de protecci\u00f3n de pl\u00e1stico para abrazaderas de ancho de banda de 1\/2&#8243; o 12 mm (PDF)<\/a>[\/et_pb_text][\/et_pb_column][et_pb_column type=&#8221;2_5&#8243; _builder_version=&#8221;3.25&#8243; custom_padding=&#8221;|||&#8221; custom_padding__hover=&#8221;|||&#8221;][et_pb_text admin_label=&#8221;Certificates&#8221; _builder_version=&#8221;4.0.11&#8243; header_font=&#8221;||||||||&#8221; header_2_font=&#8221;||||||||&#8221; header_2_font_size=&#8221;30px&#8221;]<\/p>\n<h2>Certificado<\/h2>\n<p><a href=\"https:\/\/creativebonfire.com\/ife\/wp-content\/uploads\/2020\/01\/IFE-9001_2015-x-2022-ISO-Cert.pdf\" download>ISO 9001: 2015-2022 (PDF)<\/a><\/p>\n<p><!-- \n\n<p><a href=\"https:\/\/creativebonfire.com\/ife\/wp-content\/uploads\/2019\/02\/IFE-ISO-9001_2015.pdf\" download>ISO 9001: 2008 (PDF)<\/a><\/p>\n\n -->[\/et_pb_text][\/et_pb_column][\/et_pb_row][\/et_pb_section][et_pb_section fb_built=&#8221;1&#8243; specialty=&#8221;on&#8221; padding_bottom_2=&#8221;0px&#8221; admin_label=&#8221;Upper Footer&#8221; module_id=&#8221;upper-footer&#8221; _builder_version=&#8221;3.22&#8243; background_color=&#8221;#e6e7e8&#8243; custom_margin=&#8221;||0px|&#8221; custom_padding=&#8221;15px||0px|&#8221; border_width_top=&#8221;6px&#8221; border_color_top=&#8221;#ffd24f&#8221; locked=&#8221;off&#8221; collapsed=&#8221;on&#8221;][et_pb_column type=&#8221;3_4&#8243; specialty_columns=&#8221;3&#8243; _builder_version=&#8221;3.25&#8243; custom_padding=&#8221;|||&#8221; parallax__hover=&#8221;off&#8221; parallax_method__hover=&#8221;on&#8221; custom_padding__hover=&#8221;|||&#8221;][et_pb_row_inner column_structure=&#8221;1_3,1_3,1_3&#8243; admin_label=&#8221;Row&#8221; _builder_version=&#8221;3.25&#8243; custom_padding=&#8221;||0px|&#8221;][et_pb_column_inner type=&#8221;1_3&#8243; saved_specialty_column_type=&#8221;3_4&#8243; _builder_version=&#8221;3.25&#8243; custom_padding=&#8221;|||&#8221; parallax__hover=&#8221;off&#8221; parallax_method__hover=&#8221;on&#8221; custom_padding__hover=&#8221;|||&#8221;][et_pb_image src=&#8221;https:\/\/creativebonfire.com\/ife\/wp-content\/uploads\/2018\/11\/ife-logo.png&#8221; align_tablet=&#8221;center&#8221; align_phone=&#8221;&#8221; align_last_edited=&#8221;on|desktop&#8221; _builder_version=&#8221;3.23&#8243;][\/et_pb_image][\/et_pb_column_inner][et_pb_column_inner type=&#8221;1_3&#8243; saved_specialty_column_type=&#8221;3_4&#8243; _builder_version=&#8221;3.25&#8243; custom_padding=&#8221;|||&#8221; parallax__hover=&#8221;off&#8221; parallax_method__hover=&#8221;on&#8221; custom_padding__hover=&#8221;|||&#8221;][\/et_pb_column_inner][et_pb_column_inner type=&#8221;1_3&#8243; saved_specialty_column_type=&#8221;3_4&#8243; _builder_version=&#8221;3.25&#8243; custom_padding=&#8221;|||&#8221; parallax__hover=&#8221;off&#8221; parallax_method__hover=&#8221;on&#8221; custom_padding__hover=&#8221;|||&#8221;][\/et_pb_column_inner][\/et_pb_row_inner][et_pb_row_inner column_structure=&#8221;1_3,1_3,1_3&#8243; use_custom_gutter=&#8221;on&#8221; gutter_width=&#8221;2&#8243; admin_label=&#8221;Row&#8221; module_id=&#8221;upper-footer-text&#8221; _builder_version=&#8221;3.25&#8243;][et_pb_column_inner type=&#8221;1_3&#8243; saved_specialty_column_type=&#8221;3_4&#8243; _builder_version=&#8221;3.25&#8243; custom_padding=&#8221;|||&#8221; parallax__hover=&#8221;off&#8221; parallax_method__hover=&#8221;on&#8221; custom_padding__hover=&#8221;|||&#8221;][et_pb_text _builder_version=&#8221;3.27.4&#8243;]<strong>IFE Americas USA<\/strong><br \/>\n7000 Kensington Road<br \/>\nBrighton, MI 48116<br \/>\n<strong>Tel\u00e9fono:<\/strong> +1 (248) 446 1900<br \/>\n<strong>E-mail:<\/strong> <a href=\"mailto:info@ife-group.com\">info@ife-group.com<\/a>[\/et_pb_text][\/et_pb_column_inner][et_pb_column_inner type=&#8221;1_3&#8243; saved_specialty_column_type=&#8221;3_4&#8243; _builder_version=&#8221;3.25&#8243; custom_padding=&#8221;|||&#8221; parallax__hover=&#8221;off&#8221; parallax_method__hover=&#8221;on&#8221; custom_padding__hover=&#8221;|||&#8221;][et_pb_text _builder_version=&#8221;4.2.1&#8243;]<strong>IFE Americas M\u00e9xico<br \/>\n<\/strong>Bernardo Quintana 7001 Torre 2 \u2013 813<br \/>\nCol. Centro Sur. Quer\u00e9taro, Qro. 76090<br \/>\n<strong>Tel\u00e9fono:<\/strong> +52 (442) 245-1515<br \/>\n<strong>E-mail:<\/strong> <a href=\"mailto:info@ife-group.com\">info@ife-group.com<\/a>[\/et_pb_text][\/et_pb_column_inner][et_pb_column_inner type=&#8221;1_3&#8243; saved_specialty_column_type=&#8221;3_4&#8243; _builder_version=&#8221;3.25&#8243; custom_padding=&#8221;|||&#8221; parallax__hover=&#8221;off&#8221; parallax_method__hover=&#8221;on&#8221; custom_padding__hover=&#8221;|||&#8221;][et_pb_text _builder_version=&#8221;4.2.1&#8243;]<strong>IFE Europe Sweden<br \/>\n<\/strong>Ban\u00e9rgatan 51<br \/>\nSE-115 22 Stockholm<br \/>\n<strong>Tel\u00e9fono:<\/strong> +46 708 102 711<br \/>\n<strong>E-mail: <\/strong><a href=\"mailto:info@ife-group.com\">info@ife-group.com<\/a>[\/et_pb_text][\/et_pb_column_inner][\/et_pb_row_inner][\/et_pb_column][et_pb_column type=&#8221;1_4&#8243; _builder_version=&#8221;3.25&#8243; custom_padding=&#8221;|||&#8221; padding_bottom__hover=&#8221;0px&#8221; parallax__hover=&#8221;off&#8221; parallax_method__hover=&#8221;on&#8221; custom_padding__hover=&#8221;|||&#8221;][et_pb_sidebar area=&#8221;et_pb_widget_area_1&#8243; show_border=&#8221;off&#8221; admin_label=&#8221;Menu&#8221; _builder_version=&#8221;3.17.6&#8243; body_font=&#8221;|700|||||||&#8221; body_font_size=&#8221;18&#8243; body_line_height=&#8221;1.4em&#8221; custom_margin=&#8221;||0px|&#8221;][\/et_pb_sidebar][\/et_pb_column][\/et_pb_section]<\/p>\n","protected":false},"excerpt":{"rendered":"<p>Descargas Fichas t\u00e9cnicas Abrazaderas para manguera IFE-MC Abrazaderas mini (PDF) IFE-AS2 Abrazaderas de tornillo sin fin con 2 piezas de carcasa, estilo americano (PDF) IFE-AS2WS Abrazaderas sinf\u00edn estilo americano de 2 piezas con resorte (PDF) IFE-GS Abrazaderas para manguera estilo alem\u00e1n (PDF) IFE-SS Abrazaderas de tornillo sin fin estilo sueco (PDF) IFE-HD Abrazaderas para Heavy-duty [&hellip;]<\/p>\n","protected":false},"author":2,"featured_media":0,"parent":0,"menu_order":10,"comment_status":"closed","ping_status":"closed","template":"","meta":{"_et_pb_use_builder":"on","_et_pb_old_content":"","_et_gb_content_width":"","_exactmetrics_skip_tracking":false,"_exactmetrics_sitenote_active":false,"_exactmetrics_sitenote_note":"","_exactmetrics_sitenote_category":0,"footnotes":""},"class_list":["post-1527","page","type-page","status-publish","hentry"],"yoast_head":"<!-- This site is optimized with the Yoast SEO plugin v26.9 - https:\/\/yoast.com\/product\/yoast-seo-wordpress\/ -->\n<title>Descargas | IFE GROUP<\/title>\n<meta name=\"description\" content=\"Descargue informaci\u00f3n sobre los productos de conexi\u00f3n, sujeci\u00f3n y protecci\u00f3n.\" \/>\n<meta name=\"robots\" content=\"index, follow, max-snippet:-1, max-image-preview:large, max-video-preview:-1\" \/>\n<link rel=\"canonical\" href=\"https:\/\/creativebonfire.com\/ife\/descargas\/?lang=es\" \/>\n<meta property=\"og:locale\" content=\"en_US\" \/>\n<meta property=\"og:type\" content=\"article\" \/>\n<meta property=\"og:title\" content=\"Descargas | IFE GROUP\" \/>\n<meta property=\"og:description\" content=\"Descargue informaci\u00f3n sobre los productos de conexi\u00f3n, sujeci\u00f3n y protecci\u00f3n.\" \/>\n<meta property=\"og:url\" content=\"https:\/\/creativebonfire.com\/ife\/descargas\/?lang=es\" \/>\n<meta property=\"og:site_name\" content=\"IFE GROUP\" \/>\n<meta property=\"article:modified_time\" content=\"2020-09-13T20:32:58+00:00\" \/>\n<meta name=\"twitter:card\" content=\"summary_large_image\" \/>\n<meta name=\"twitter:label1\" content=\"Est. reading time\" \/>\n\t<meta name=\"twitter:data1\" content=\"4 minutes\" \/>\n<script type=\"application\/ld+json\" class=\"yoast-schema-graph\">{\"@context\":\"https:\/\/schema.org\",\"@graph\":[{\"@type\":\"WebPage\",\"@id\":\"https:\/\/creativebonfire.com\/ife\/descargas\/?lang=es\",\"url\":\"https:\/\/creativebonfire.com\/ife\/descargas\/?lang=es\",\"name\":\"Descargas | IFE GROUP\",\"isPartOf\":{\"@id\":\"https:\/\/creativebonfire.com\/ife\/#website\"},\"datePublished\":\"2019-06-02T02:33:48+00:00\",\"dateModified\":\"2020-09-13T20:32:58+00:00\",\"description\":\"Descargue informaci\u00f3n sobre los productos de conexi\u00f3n, sujeci\u00f3n y protecci\u00f3n.\",\"breadcrumb\":{\"@id\":\"https:\/\/creativebonfire.com\/ife\/descargas\/?lang=es#breadcrumb\"},\"inLanguage\":\"en-US\",\"potentialAction\":[{\"@type\":\"ReadAction\",\"target\":[\"https:\/\/creativebonfire.com\/ife\/descargas\/?lang=es\"]}]},{\"@type\":\"BreadcrumbList\",\"@id\":\"https:\/\/creativebonfire.com\/ife\/descargas\/?lang=es#breadcrumb\",\"itemListElement\":[{\"@type\":\"ListItem\",\"position\":1,\"name\":\"Home\",\"item\":\"https:\/\/creativebonfire.com\/ife\/\"},{\"@type\":\"ListItem\",\"position\":2,\"name\":\"Descargas\"}]},{\"@type\":\"WebSite\",\"@id\":\"https:\/\/creativebonfire.com\/ife\/#website\",\"url\":\"https:\/\/creativebonfire.com\/ife\/\",\"name\":\"IFE Americas, Inc.\",\"description\":\"Fluid Systems Components\",\"publisher\":{\"@id\":\"https:\/\/creativebonfire.com\/ife\/#organization\"},\"potentialAction\":[{\"@type\":\"SearchAction\",\"target\":{\"@type\":\"EntryPoint\",\"urlTemplate\":\"https:\/\/creativebonfire.com\/ife\/?s={search_term_string}\"},\"query-input\":{\"@type\":\"PropertyValueSpecification\",\"valueRequired\":true,\"valueName\":\"search_term_string\"}}],\"inLanguage\":\"en-US\"},{\"@type\":\"Organization\",\"@id\":\"https:\/\/creativebonfire.com\/ife\/#organization\",\"name\":\"IFE Americas\",\"url\":\"https:\/\/creativebonfire.com\/ife\/\",\"logo\":{\"@type\":\"ImageObject\",\"inLanguage\":\"en-US\",\"@id\":\"https:\/\/creativebonfire.com\/ife\/#\/schema\/logo\/image\/\",\"url\":\"https:\/\/creativebonfire.com\/ife\/wp-content\/uploads\/2018\/11\/ife-logo.png\",\"contentUrl\":\"https:\/\/creativebonfire.com\/ife\/wp-content\/uploads\/2018\/11\/ife-logo.png\",\"width\":888,\"height\":252,\"caption\":\"IFE Americas\"},\"image\":{\"@id\":\"https:\/\/creativebonfire.com\/ife\/#\/schema\/logo\/image\/\"}}]}<\/script>\n<!-- \/ Yoast SEO plugin. -->","yoast_head_json":{"title":"Descargas | IFE GROUP","description":"Descargue informaci\u00f3n sobre los productos de conexi\u00f3n, sujeci\u00f3n y protecci\u00f3n.","robots":{"index":"index","follow":"follow","max-snippet":"max-snippet:-1","max-image-preview":"max-image-preview:large","max-video-preview":"max-video-preview:-1"},"canonical":"https:\/\/creativebonfire.com\/ife\/descargas\/?lang=es","og_locale":"en_US","og_type":"article","og_title":"Descargas | IFE GROUP","og_description":"Descargue informaci\u00f3n sobre los productos de conexi\u00f3n, sujeci\u00f3n y protecci\u00f3n.","og_url":"https:\/\/creativebonfire.com\/ife\/descargas\/?lang=es","og_site_name":"IFE GROUP","article_modified_time":"2020-09-13T20:32:58+00:00","twitter_card":"summary_large_image","twitter_misc":{"Est. reading time":"4 minutes"},"schema":{"@context":"https:\/\/schema.org","@graph":[{"@type":"WebPage","@id":"https:\/\/creativebonfire.com\/ife\/descargas\/?lang=es","url":"https:\/\/creativebonfire.com\/ife\/descargas\/?lang=es","name":"Descargas | IFE GROUP","isPartOf":{"@id":"https:\/\/creativebonfire.com\/ife\/#website"},"datePublished":"2019-06-02T02:33:48+00:00","dateModified":"2020-09-13T20:32:58+00:00","description":"Descargue informaci\u00f3n sobre los productos de conexi\u00f3n, sujeci\u00f3n y protecci\u00f3n.","breadcrumb":{"@id":"https:\/\/creativebonfire.com\/ife\/descargas\/?lang=es#breadcrumb"},"inLanguage":"en-US","potentialAction":[{"@type":"ReadAction","target":["https:\/\/creativebonfire.com\/ife\/descargas\/?lang=es"]}]},{"@type":"BreadcrumbList","@id":"https:\/\/creativebonfire.com\/ife\/descargas\/?lang=es#breadcrumb","itemListElement":[{"@type":"ListItem","position":1,"name":"Home","item":"https:\/\/creativebonfire.com\/ife\/"},{"@type":"ListItem","position":2,"name":"Descargas"}]},{"@type":"WebSite","@id":"https:\/\/creativebonfire.com\/ife\/#website","url":"https:\/\/creativebonfire.com\/ife\/","name":"IFE Americas, Inc.","description":"Fluid Systems Components","publisher":{"@id":"https:\/\/creativebonfire.com\/ife\/#organization"},"potentialAction":[{"@type":"SearchAction","target":{"@type":"EntryPoint","urlTemplate":"https:\/\/creativebonfire.com\/ife\/?s={search_term_string}"},"query-input":{"@type":"PropertyValueSpecification","valueRequired":true,"valueName":"search_term_string"}}],"inLanguage":"en-US"},{"@type":"Organization","@id":"https:\/\/creativebonfire.com\/ife\/#organization","name":"IFE Americas","url":"https:\/\/creativebonfire.com\/ife\/","logo":{"@type":"ImageObject","inLanguage":"en-US","@id":"https:\/\/creativebonfire.com\/ife\/#\/schema\/logo\/image\/","url":"https:\/\/creativebonfire.com\/ife\/wp-content\/uploads\/2018\/11\/ife-logo.png","contentUrl":"https:\/\/creativebonfire.com\/ife\/wp-content\/uploads\/2018\/11\/ife-logo.png","width":888,"height":252,"caption":"IFE Americas"},"image":{"@id":"https:\/\/creativebonfire.com\/ife\/#\/schema\/logo\/image\/"}}]}},"_links":{"self":[{"href":"https:\/\/creativebonfire.com\/ife\/wp-json\/wp\/v2\/pages\/1527","targetHints":{"allow":["GET"]}}],"collection":[{"href":"https:\/\/creativebonfire.com\/ife\/wp-json\/wp\/v2\/pages"}],"about":[{"href":"https:\/\/creativebonfire.com\/ife\/wp-json\/wp\/v2\/types\/page"}],"author":[{"embeddable":true,"href":"https:\/\/creativebonfire.com\/ife\/wp-json\/wp\/v2\/users\/2"}],"replies":[{"embeddable":true,"href":"https:\/\/creativebonfire.com\/ife\/wp-json\/wp\/v2\/comments?post=1527"}],"version-history":[{"count":11,"href":"https:\/\/creativebonfire.com\/ife\/wp-json\/wp\/v2\/pages\/1527\/revisions"}],"predecessor-version":[{"id":2579,"href":"https:\/\/creativebonfire.com\/ife\/wp-json\/wp\/v2\/pages\/1527\/revisions\/2579"}],"wp:attachment":[{"href":"https:\/\/creativebonfire.com\/ife\/wp-json\/wp\/v2\/media?parent=1527"}],"curies":[{"name":"wp","href":"https:\/\/api.w.org\/{rel}","templated":true}]}}