{"id":1491,"date":"2019-04-12T14:04:33","date_gmt":"2019-04-12T18:04:33","guid":{"rendered":"http:\/\/www.creativebonfire.com\/ife\/nosotros\/"},"modified":"2020-01-22T14:37:44","modified_gmt":"2020-01-22T19:37:44","slug":"nosotros","status":"publish","type":"page","link":"https:\/\/creativebonfire.com\/ife\/nosotros\/?lang=es","title":{"rendered":"Nosotros"},"content":{"rendered":"<p>[et_pb_section fb_built=&#8221;1&#8243; fullwidth=&#8221;on&#8221; disabled_on=&#8221;on|on|&#8221; admin_label=&#8221;Mega Menu&#8221; module_class=&#8221;all-pages&#8221; _builder_version=&#8221;3.22.3&#8243; background_color=&#8221;#ffd24f&#8221; border_width_top=&#8221;2px&#8221; border_color_top=&#8221;#ffffff&#8221; border_width_bottom=&#8221;2px&#8221; border_color_bottom=&#8221;#ffffff&#8221; collapsed=&#8221;on&#8221;][et_pb_quadmenu menu_id=&#8221;7&#8243; menu_theme=&#8221;custom_theme_1&#8243; _builder_version=&#8221;3.17.6&#8243;][\/et_pb_quadmenu][\/et_pb_section][et_pb_section fb_built=&#8221;1&#8243; admin_label=&#8221;H1&#8243; _builder_version=&#8221;3.22.3&#8243; background_color=&#8221;#000000&#8243; custom_padding=&#8221;0px||0px|&#8221;][et_pb_row _builder_version=&#8221;3.25&#8243; custom_padding=&#8221;||1.2%|&#8221;][et_pb_column type=&#8221;4_4&#8243; _builder_version=&#8221;3.25&#8243; custom_padding=&#8221;|||&#8221; custom_padding__hover=&#8221;|||&#8221;][et_pb_text admin_label=&#8221;H1&#8243; _builder_version=&#8221;3.27.4&#8243; header_text_color=&#8221;#ffd24f&#8221; header_font_size=&#8221;72px&#8221;]<\/p>\n<h1>Nosotros<\/h1>\n<p>[\/et_pb_text][\/et_pb_column][\/et_pb_row][\/et_pb_section][et_pb_section fb_built=&#8221;1&#8243; _builder_version=&#8221;3.22.3&#8243;][et_pb_row column_structure=&#8221;1_3,2_3&#8243; make_equal=&#8221;on&#8221; _builder_version=&#8221;3.25&#8243; background_size=&#8221;initial&#8221; background_position=&#8221;top_left&#8221; background_repeat=&#8221;repeat&#8221;][et_pb_column type=&#8221;1_3&#8243; _builder_version=&#8221;3.25&#8243; background_color=&#8221;rgba(0,0,0,0.67)&#8221; use_background_color_gradient=&#8221;on&#8221; background_color_gradient_start=&#8221;rgba(0,0,0,0.38)&#8221; background_color_gradient_end=&#8221;rgba(255,255,255,0.56)&#8221; custom_padding=&#8221;|||&#8221; custom_padding__hover=&#8221;|||&#8221;][et_pb_image src=&#8221;https:\/\/creativebonfire.com\/ife\/wp-content\/uploads\/2019\/01\/about2.jpg&#8221; align_tablet=&#8221;center&#8221; align_phone=&#8221;&#8221; align_last_edited=&#8221;on|desktop&#8221; _builder_version=&#8221;3.23&#8243;][\/et_pb_image][\/et_pb_column][et_pb_column type=&#8221;2_3&#8243; _builder_version=&#8221;3.25&#8243; custom_padding=&#8221;|||&#8221; custom_padding__hover=&#8221;|||&#8221;][et_pb_text _builder_version=&#8221;4.2.1&#8243; hover_enabled=&#8221;0&#8243;]<\/p>\n<h3>Lo suficientemente grandes para servirte, lo suficientemente peque\u00f1os para conocerte<\/h3>\n<p>IFE Group es una empresa privada con or\u00edgenes desde el a\u00f1o 1903. <span>Con sede en Estocolmo, Suecia, IFE Nordics atiende al mercado Europeo. <\/span>IFE desarroll\u00f3 el original motor de Penta, reconocido mundialmente. IFE tambi\u00e9n desarroll\u00f3 y produjo los primeros motores para los autom\u00f3viles Volvo, antes de que IFE dejara el negocio de los motores a mediados de la d\u00e9cada de 1930. Desde 1982, IFE Group se ha centrado en los componentes de sistemas de fluidos, incluyendo abrazaderas, acoplamientos y elementos de retenci\u00f3n de todo tipo.<\/p>\n<p>IFE Group tiene su sede en Estocolmo, Suecia. IFE Americas USA sirve a la industria de EE.UU. y Canad\u00e1, desde nuestra oficina en Brighton, Michigan. IFE Americas Mexico sirve al mercado mexicano desde nuestras oficinas y almac\u00e9n en Quer\u00e9taro, M\u00e9xico. Juntos, nuestro equipo est\u00e1 dedicado a ser la primera opci\u00f3n para nuestros clientes al ofrecer al mercado norteamericano una gama de componentes de sistemas de fluidos de alta calidad, con un nivel de servicio de primera clase.<\/p>\n<p>IFE utiliza una cadena de suministro global que ofrece productos producidos en los EE.UU., as\u00ed como en Europa (Alemania y Francia) y Asia (Turqu\u00eda, China, Tailandia y Corea del Sur). Los productos IFE se venden bajo la marca IFE. Todo el desarrollo de productos para el grupo IFE y pruebas se llevan a cabo en nuestro centro t\u00e9cnico en Brighton, Michigan.<\/p>\n<p><a href=\"https:\/\/creativebonfire.com\/ife\/contactenos\/?lang=es\">Cont\u00e1ctenos hoy<\/a> y h\u00e1ganos saber c\u00f3mo podemos servirle.<\/p>\n<p>[\/et_pb_text][\/et_pb_column][\/et_pb_row][\/et_pb_section][et_pb_section fb_built=&#8221;1&#8243; specialty=&#8221;on&#8221; padding_bottom_2=&#8221;0px&#8221; admin_label=&#8221;Upper Footer&#8221; module_id=&#8221;upper-footer&#8221; _builder_version=&#8221;3.22&#8243; background_color=&#8221;#e6e7e8&#8243; custom_margin=&#8221;||0px|&#8221; custom_padding=&#8221;15px||0px|&#8221; border_width_top=&#8221;6px&#8221; border_color_top=&#8221;#ffd24f&#8221; locked=&#8221;off&#8221; collapsed=&#8221;on&#8221;][et_pb_column type=&#8221;3_4&#8243; specialty_columns=&#8221;3&#8243; _builder_version=&#8221;3.25&#8243; custom_padding=&#8221;|||&#8221; parallax__hover=&#8221;off&#8221; parallax_method__hover=&#8221;on&#8221; custom_padding__hover=&#8221;|||&#8221;][et_pb_row_inner column_structure=&#8221;1_3,1_3,1_3&#8243; admin_label=&#8221;Row&#8221; _builder_version=&#8221;3.25&#8243; custom_padding=&#8221;||0px|&#8221;][et_pb_column_inner type=&#8221;1_3&#8243; saved_specialty_column_type=&#8221;3_4&#8243; _builder_version=&#8221;3.25&#8243; custom_padding=&#8221;|||&#8221; parallax__hover=&#8221;off&#8221; parallax_method__hover=&#8221;on&#8221; custom_padding__hover=&#8221;|||&#8221;][et_pb_image src=&#8221;https:\/\/creativebonfire.com\/ife\/wp-content\/uploads\/2018\/11\/ife-logo.png&#8221; align_tablet=&#8221;center&#8221; align_phone=&#8221;&#8221; align_last_edited=&#8221;on|desktop&#8221; _builder_version=&#8221;3.23&#8243;][\/et_pb_image][\/et_pb_column_inner][et_pb_column_inner type=&#8221;1_3&#8243; saved_specialty_column_type=&#8221;3_4&#8243; _builder_version=&#8221;3.25&#8243; custom_padding=&#8221;|||&#8221; parallax__hover=&#8221;off&#8221; parallax_method__hover=&#8221;on&#8221; custom_padding__hover=&#8221;|||&#8221;][\/et_pb_column_inner][et_pb_column_inner type=&#8221;1_3&#8243; saved_specialty_column_type=&#8221;3_4&#8243; _builder_version=&#8221;3.25&#8243; custom_padding=&#8221;|||&#8221; parallax__hover=&#8221;off&#8221; parallax_method__hover=&#8221;on&#8221; custom_padding__hover=&#8221;|||&#8221;][\/et_pb_column_inner][\/et_pb_row_inner][et_pb_row_inner column_structure=&#8221;1_3,1_3,1_3&#8243; use_custom_gutter=&#8221;on&#8221; gutter_width=&#8221;2&#8243; admin_label=&#8221;Row&#8221; module_id=&#8221;upper-footer-text&#8221; _builder_version=&#8221;3.25&#8243;][et_pb_column_inner type=&#8221;1_3&#8243; saved_specialty_column_type=&#8221;3_4&#8243; _builder_version=&#8221;3.25&#8243; custom_padding=&#8221;|||&#8221; parallax__hover=&#8221;off&#8221; parallax_method__hover=&#8221;on&#8221; custom_padding__hover=&#8221;|||&#8221;][et_pb_text _builder_version=&#8221;3.27.4&#8243;]<strong>IFE Americas USA<\/strong><br \/>\n7000 Kensington Road<br \/>\nBrighton, MI 48116<br \/>\n<strong>Tel\u00e9fono:<\/strong> +1 (248) 446 1900<br \/>\n<strong>E-mail:<\/strong> <a href=\"mailto:info@ife-group.com\">info@ife-group.com<\/a>[\/et_pb_text][\/et_pb_column_inner][et_pb_column_inner type=&#8221;1_3&#8243; saved_specialty_column_type=&#8221;3_4&#8243; _builder_version=&#8221;3.25&#8243; custom_padding=&#8221;|||&#8221; parallax__hover=&#8221;off&#8221; parallax_method__hover=&#8221;on&#8221; custom_padding__hover=&#8221;|||&#8221;][et_pb_text _builder_version=&#8221;4.2.1&#8243;]<strong>IFE Americas M\u00e9xico<br \/>\n<\/strong>Bernardo Quintana 7001 Torre 2 \u2013 813<br \/>\nCol. Centro Sur. Quer\u00e9taro, Qro. 76090<br \/>\n<strong>Tel\u00e9fono:<\/strong> +52 (442) 245-1515<br \/>\n<strong>E-mail:<\/strong> <a href=\"mailto:info@ife-group.com\">info@ife-group.com<\/a>[\/et_pb_text][\/et_pb_column_inner][et_pb_column_inner type=&#8221;1_3&#8243; saved_specialty_column_type=&#8221;3_4&#8243; _builder_version=&#8221;3.25&#8243; custom_padding=&#8221;|||&#8221; parallax__hover=&#8221;off&#8221; parallax_method__hover=&#8221;on&#8221; custom_padding__hover=&#8221;|||&#8221;][et_pb_text _builder_version=&#8221;4.2.1&#8243;]<strong>IFE Europe Sweden<br \/>\n<\/strong>Ban\u00e9rgatan 51<br \/>\nSE-115 22 Stockholm<br \/>\n<strong>Tel\u00e9fono:<\/strong> +46 708 102 711<br \/>\n<strong>E-mail: <\/strong><a href=\"mailto:info@ife-group.com\">info@ife-group.com<\/a>[\/et_pb_text][\/et_pb_column_inner][\/et_pb_row_inner][\/et_pb_column][et_pb_column type=&#8221;1_4&#8243; _builder_version=&#8221;3.25&#8243; custom_padding=&#8221;|||&#8221; padding_bottom__hover=&#8221;0px&#8221; parallax__hover=&#8221;off&#8221; parallax_method__hover=&#8221;on&#8221; custom_padding__hover=&#8221;|||&#8221;][et_pb_sidebar area=&#8221;et_pb_widget_area_1&#8243; show_border=&#8221;off&#8221; admin_label=&#8221;Menu&#8221; _builder_version=&#8221;3.17.6&#8243; body_font=&#8221;|700|||||||&#8221; body_font_size=&#8221;18&#8243; body_line_height=&#8221;1.4em&#8221; custom_margin=&#8221;||0px|&#8221;][\/et_pb_sidebar][\/et_pb_column][\/et_pb_section]<\/p>\n","protected":false},"excerpt":{"rendered":"<p>Nosotros Lo suficientemente grandes para servirte, lo suficientemente peque\u00f1os para conocerte IFE Group es una empresa privada con or\u00edgenes desde el a\u00f1o 1903. Con sede en Estocolmo, Suecia, IFE Nordics atiende al mercado Europeo. IFE desarroll\u00f3 el original motor de Penta, reconocido mundialmente. IFE tambi\u00e9n desarroll\u00f3 y produjo los primeros motores para los autom\u00f3viles Volvo, [&hellip;]<\/p>\n","protected":false},"author":2,"featured_media":0,"parent":0,"menu_order":8,"comment_status":"closed","ping_status":"closed","template":"","meta":{"_et_pb_use_builder":"on","_et_pb_old_content":"","_et_gb_content_width":"","_exactmetrics_skip_tracking":false,"_exactmetrics_sitenote_active":false,"_exactmetrics_sitenote_note":"","_exactmetrics_sitenote_category":0,"footnotes":""},"class_list":["post-1491","page","type-page","status-publish","hentry"],"yoast_head":"<!-- This site is optimized with the Yoast SEO plugin v26.9 - https:\/\/yoast.com\/product\/yoast-seo-wordpress\/ -->\n<title>Nosotros | IFE GROUP<\/title>\n<meta name=\"description\" content=\"Desde 1982, IFE Group ha estado involucrado en componentes de sistemas de fluidos, incluyendo abrazaderas, acoplamientos y retenedores de todo tipo.\" \/>\n<meta name=\"robots\" content=\"index, follow, max-snippet:-1, max-image-preview:large, max-video-preview:-1\" \/>\n<link rel=\"canonical\" href=\"https:\/\/creativebonfire.com\/ife\/nosotros\/?lang=es\" \/>\n<meta property=\"og:locale\" content=\"en_US\" \/>\n<meta property=\"og:type\" content=\"article\" \/>\n<meta property=\"og:title\" content=\"Nosotros | IFE GROUP\" \/>\n<meta property=\"og:description\" content=\"Desde 1982, IFE Group ha estado involucrado en componentes de sistemas de fluidos, incluyendo abrazaderas, acoplamientos y retenedores de todo tipo.\" \/>\n<meta property=\"og:url\" content=\"https:\/\/creativebonfire.com\/ife\/nosotros\/?lang=es\" \/>\n<meta property=\"og:site_name\" content=\"IFE GROUP\" \/>\n<meta property=\"article:modified_time\" content=\"2020-01-22T19:37:44+00:00\" \/>\n<meta name=\"twitter:card\" content=\"summary_large_image\" \/>\n<meta name=\"twitter:label1\" content=\"Est. reading time\" \/>\n\t<meta name=\"twitter:data1\" content=\"5 minutes\" \/>\n<script type=\"application\/ld+json\" class=\"yoast-schema-graph\">{\"@context\":\"https:\/\/schema.org\",\"@graph\":[{\"@type\":\"WebPage\",\"@id\":\"https:\/\/creativebonfire.com\/ife\/nosotros\/?lang=es\",\"url\":\"https:\/\/creativebonfire.com\/ife\/nosotros\/?lang=es\",\"name\":\"Nosotros | IFE GROUP\",\"isPartOf\":{\"@id\":\"https:\/\/creativebonfire.com\/ife\/#website\"},\"datePublished\":\"2019-04-12T18:04:33+00:00\",\"dateModified\":\"2020-01-22T19:37:44+00:00\",\"description\":\"Desde 1982, IFE Group ha estado involucrado en componentes de sistemas de fluidos, incluyendo abrazaderas, acoplamientos y retenedores de todo tipo.\",\"breadcrumb\":{\"@id\":\"https:\/\/creativebonfire.com\/ife\/nosotros\/?lang=es#breadcrumb\"},\"inLanguage\":\"en-US\",\"potentialAction\":[{\"@type\":\"ReadAction\",\"target\":[\"https:\/\/creativebonfire.com\/ife\/nosotros\/?lang=es\"]}]},{\"@type\":\"BreadcrumbList\",\"@id\":\"https:\/\/creativebonfire.com\/ife\/nosotros\/?lang=es#breadcrumb\",\"itemListElement\":[{\"@type\":\"ListItem\",\"position\":1,\"name\":\"Home\",\"item\":\"https:\/\/creativebonfire.com\/ife\/\"},{\"@type\":\"ListItem\",\"position\":2,\"name\":\"Nosotros\"}]},{\"@type\":\"WebSite\",\"@id\":\"https:\/\/creativebonfire.com\/ife\/#website\",\"url\":\"https:\/\/creativebonfire.com\/ife\/\",\"name\":\"IFE Americas, Inc.\",\"description\":\"Fluid Systems Components\",\"publisher\":{\"@id\":\"https:\/\/creativebonfire.com\/ife\/#organization\"},\"potentialAction\":[{\"@type\":\"SearchAction\",\"target\":{\"@type\":\"EntryPoint\",\"urlTemplate\":\"https:\/\/creativebonfire.com\/ife\/?s={search_term_string}\"},\"query-input\":{\"@type\":\"PropertyValueSpecification\",\"valueRequired\":true,\"valueName\":\"search_term_string\"}}],\"inLanguage\":\"en-US\"},{\"@type\":\"Organization\",\"@id\":\"https:\/\/creativebonfire.com\/ife\/#organization\",\"name\":\"IFE Americas\",\"url\":\"https:\/\/creativebonfire.com\/ife\/\",\"logo\":{\"@type\":\"ImageObject\",\"inLanguage\":\"en-US\",\"@id\":\"https:\/\/creativebonfire.com\/ife\/#\/schema\/logo\/image\/\",\"url\":\"https:\/\/creativebonfire.com\/ife\/wp-content\/uploads\/2018\/11\/ife-logo.png\",\"contentUrl\":\"https:\/\/creativebonfire.com\/ife\/wp-content\/uploads\/2018\/11\/ife-logo.png\",\"width\":888,\"height\":252,\"caption\":\"IFE Americas\"},\"image\":{\"@id\":\"https:\/\/creativebonfire.com\/ife\/#\/schema\/logo\/image\/\"}}]}<\/script>\n<!-- \/ Yoast SEO plugin. -->","yoast_head_json":{"title":"Nosotros | IFE GROUP","description":"Desde 1982, IFE Group ha estado involucrado en componentes de sistemas de fluidos, incluyendo abrazaderas, acoplamientos y retenedores de todo tipo.","robots":{"index":"index","follow":"follow","max-snippet":"max-snippet:-1","max-image-preview":"max-image-preview:large","max-video-preview":"max-video-preview:-1"},"canonical":"https:\/\/creativebonfire.com\/ife\/nosotros\/?lang=es","og_locale":"en_US","og_type":"article","og_title":"Nosotros | IFE GROUP","og_description":"Desde 1982, IFE Group ha estado involucrado en componentes de sistemas de fluidos, incluyendo abrazaderas, acoplamientos y retenedores de todo tipo.","og_url":"https:\/\/creativebonfire.com\/ife\/nosotros\/?lang=es","og_site_name":"IFE GROUP","article_modified_time":"2020-01-22T19:37:44+00:00","twitter_card":"summary_large_image","twitter_misc":{"Est. reading time":"5 minutes"},"schema":{"@context":"https:\/\/schema.org","@graph":[{"@type":"WebPage","@id":"https:\/\/creativebonfire.com\/ife\/nosotros\/?lang=es","url":"https:\/\/creativebonfire.com\/ife\/nosotros\/?lang=es","name":"Nosotros | IFE GROUP","isPartOf":{"@id":"https:\/\/creativebonfire.com\/ife\/#website"},"datePublished":"2019-04-12T18:04:33+00:00","dateModified":"2020-01-22T19:37:44+00:00","description":"Desde 1982, IFE Group ha estado involucrado en componentes de sistemas de fluidos, incluyendo abrazaderas, acoplamientos y retenedores de todo tipo.","breadcrumb":{"@id":"https:\/\/creativebonfire.com\/ife\/nosotros\/?lang=es#breadcrumb"},"inLanguage":"en-US","potentialAction":[{"@type":"ReadAction","target":["https:\/\/creativebonfire.com\/ife\/nosotros\/?lang=es"]}]},{"@type":"BreadcrumbList","@id":"https:\/\/creativebonfire.com\/ife\/nosotros\/?lang=es#breadcrumb","itemListElement":[{"@type":"ListItem","position":1,"name":"Home","item":"https:\/\/creativebonfire.com\/ife\/"},{"@type":"ListItem","position":2,"name":"Nosotros"}]},{"@type":"WebSite","@id":"https:\/\/creativebonfire.com\/ife\/#website","url":"https:\/\/creativebonfire.com\/ife\/","name":"IFE Americas, Inc.","description":"Fluid Systems Components","publisher":{"@id":"https:\/\/creativebonfire.com\/ife\/#organization"},"potentialAction":[{"@type":"SearchAction","target":{"@type":"EntryPoint","urlTemplate":"https:\/\/creativebonfire.com\/ife\/?s={search_term_string}"},"query-input":{"@type":"PropertyValueSpecification","valueRequired":true,"valueName":"search_term_string"}}],"inLanguage":"en-US"},{"@type":"Organization","@id":"https:\/\/creativebonfire.com\/ife\/#organization","name":"IFE Americas","url":"https:\/\/creativebonfire.com\/ife\/","logo":{"@type":"ImageObject","inLanguage":"en-US","@id":"https:\/\/creativebonfire.com\/ife\/#\/schema\/logo\/image\/","url":"https:\/\/creativebonfire.com\/ife\/wp-content\/uploads\/2018\/11\/ife-logo.png","contentUrl":"https:\/\/creativebonfire.com\/ife\/wp-content\/uploads\/2018\/11\/ife-logo.png","width":888,"height":252,"caption":"IFE Americas"},"image":{"@id":"https:\/\/creativebonfire.com\/ife\/#\/schema\/logo\/image\/"}}]}},"_links":{"self":[{"href":"https:\/\/creativebonfire.com\/ife\/wp-json\/wp\/v2\/pages\/1491","targetHints":{"allow":["GET"]}}],"collection":[{"href":"https:\/\/creativebonfire.com\/ife\/wp-json\/wp\/v2\/pages"}],"about":[{"href":"https:\/\/creativebonfire.com\/ife\/wp-json\/wp\/v2\/types\/page"}],"author":[{"embeddable":true,"href":"https:\/\/creativebonfire.com\/ife\/wp-json\/wp\/v2\/users\/2"}],"replies":[{"embeddable":true,"href":"https:\/\/creativebonfire.com\/ife\/wp-json\/wp\/v2\/comments?post=1491"}],"version-history":[{"count":9,"href":"https:\/\/creativebonfire.com\/ife\/wp-json\/wp\/v2\/pages\/1491\/revisions"}],"predecessor-version":[{"id":2294,"href":"https:\/\/creativebonfire.com\/ife\/wp-json\/wp\/v2\/pages\/1491\/revisions\/2294"}],"wp:attachment":[{"href":"https:\/\/creativebonfire.com\/ife\/wp-json\/wp\/v2\/media?parent=1491"}],"curies":[{"name":"wp","href":"https:\/\/api.w.org\/{rel}","templated":true}]}}